{"id":2638,"date":"2024-03-26T17:58:34","date_gmt":"2024-03-26T16:58:34","guid":{"rendered":"https:\/\/xn--ludotecaslogroo-crb.es\/la_oca\/?page_id=2638"},"modified":"2024-04-08T10:39:44","modified_gmt":"2024-04-08T08:39:44","slug":"ludoteca_la_oca","status":"publish","type":"page","link":"https:\/\/xn--ludotecaslogroo-crb.es\/la_oca\/","title":{"rendered":"Ludoteca La Oca"},"content":{"rendered":"<div class='flex_column av-sosp4e-8609a7bf04540c5c39095be2653c3967 av_four_fifth  avia-builder-el-0  el_before_av_one_fifth  avia-builder-el-first  first flex_column_div '     ><section  class='av_textblock_section av-ltst49lv-aa686d7b324138d8ac4fe2a8f03d9b9f'  itemscope=\"itemscope\" itemtype=\"https:\/\/schema.org\/CreativeWork\" ><div class='avia_textblock'  itemprop=\"text\" ><h1 style=\"text-align: center;\">LUDOTECA LA OCA<\/h1>\n<\/div><\/section><\/div>\n<div class='flex_column av-rgmjr2-c202b3d38646f74f20ef3ed3b00ca9a5 av_one_fifth  avia-builder-el-2  el_after_av_four_fifth  el_before_av_hr  flex_column_div '     ><style type=\"text\/css\" data-created_by=\"avia_inline_auto\" id=\"style-css-av-ltstfgho-43eeff5a45fa2a1908506f22a98e148a\">\n.avia-image-container.av-ltstfgho-43eeff5a45fa2a1908506f22a98e148a img.avia_image{\nbox-shadow:none;\n}\n.avia-image-container.av-ltstfgho-43eeff5a45fa2a1908506f22a98e148a .av-image-caption-overlay-center{\ncolor:#ffffff;\n}\n<\/style>\n<div  class='avia-image-container av-ltstfgho-43eeff5a45fa2a1908506f22a98e148a av-styling- avia-align-center  avia-builder-el-3  avia-builder-el-no-sibling '   itemprop=\"image\" itemscope=\"itemscope\" itemtype=\"https:\/\/schema.org\/ImageObject\" ><div class=\"avia-image-container-inner\"><div class=\"avia-image-overlay-wrap\"><img class='wp-image-2639 avia-img-lazy-loading-not-2639 avia_image ' src=\"https:\/\/xn--ludotecaslogroo-crb.es\/la_oca\/wp-content\/uploads\/2024\/03\/Marca_Logron\u0303o-color-300x96.png\" alt='' title='Marca_Logron\u0303o-color'  height=\"96\" width=\"300\"  itemprop=\"thumbnailUrl\" srcset=\"https:\/\/xn--ludotecaslogroo-crb.es\/la_oca\/wp-content\/uploads\/2024\/03\/Marca_Logron\u0303o-color-300x96.png 300w, https:\/\/xn--ludotecaslogroo-crb.es\/la_oca\/wp-content\/uploads\/2024\/03\/Marca_Logron\u0303o-color.png 598w\" sizes=\"(max-width: 300px) 100vw, 300px\" \/><\/div><\/div><\/div><\/div>\n<div  class='hr av-po8ioe-520ec4d81e1fed9bc2a44b62d22455d4 hr-default  avia-builder-el-4  el_after_av_one_fifth  el_before_av_one_full '><span class='hr-inner '><span class=\"hr-inner-style\"><\/span><\/span><\/div>\n\n<style type=\"text\/css\" data-created_by=\"avia_inline_auto\" id=\"style-css-av-ltstprl7-28187504d638b501fd448ec70639282a\">\n.flex_column.av-ltstprl7-28187504d638b501fd448ec70639282a{\npadding:3% 3% 3% 3%;\nbackground-color:rgba(139,168,95,0.49);\n}\n\n@media only screen and (min-width: 990px){ \n.flex_column.av-ltstprl7-28187504d638b501fd448ec70639282a{\npadding:3% 3% 3% 3%;\n}\n}\n\n@media only screen and (min-width: 768px) and (max-width: 989px){ \n.flex_column.av-ltstprl7-28187504d638b501fd448ec70639282a{\npadding:3% 3% 3% 3%;\n}\n}\n\n@media only screen and (min-width: 480px) and (max-width: 767px){ \n.flex_column.av-ltstprl7-28187504d638b501fd448ec70639282a{\npadding:3% 3% 3% 3%;\n}\n}\n\n@media only screen and (max-width: 479px){ \n.flex_column.av-ltstprl7-28187504d638b501fd448ec70639282a{\npadding:3% 3% 3% 3%;\n}\n}\n<\/style>\n<div class='flex_column av-ltstprl7-28187504d638b501fd448ec70639282a av_one_full  avia-builder-el-5  el_after_av_hr  el_before_av_one_full  first flex_column_div '     ><section  class='av_textblock_section av-ltstsrk0-c57a1d6d8bb5c72ace061c596f8df015'  itemscope=\"itemscope\" itemtype=\"https:\/\/schema.org\/CreativeWork\" ><div class='avia_textblock'  itemprop=\"text\" ><h2 style=\"text-align: center;\">\u00bfQU\u00c9 ES UNA LUDOTECA?<\/h2>\n<p style=\"text-align: center;\">Es un espacio municipal dirigido a la poblaci\u00f3n infantil y sus familias, d\u00f3nde, a trav\u00e9s de un proyecto educativo, se plantean alternativas de ocio positivo utilizando como herramientas pedag\u00f3gicas: los recursos de tiempo libre, las instalaciones de las ludotecas, los juegos y juguetes, las TIC\u00b4s, as\u00ed como el resto de medios que apoyen el crecimiento integral de los ni\u00f1os y ni\u00f1as participantes, su socializaci\u00f3n y el desarrollo de sus capacidades.<\/p>\n<\/div><\/section><\/div>\n<div class='flex_column av-olu25q-5db6d26922999237ffb38f3831dbe4e0 av_one_full  avia-builder-el-7  el_after_av_one_full  el_before_av_one_third  first flex_column_div column-top-margin'     ><section  class='av_textblock_section av-ltsuixkk-96a18573fc6354216b3e430b72dd4ff6'  itemscope=\"itemscope\" itemtype=\"https:\/\/schema.org\/CreativeWork\" ><div class='avia_textblock'  itemprop=\"text\" ><h2 style=\"text-align: center;\">PROGRAMAS<\/h2>\n<\/div><\/section><\/div>\n<div class='flex_column av-mcdbge-9aafba5d8aaf3ce6a630e3269b25b413 av_one_third  avia-builder-el-9  el_after_av_one_full  el_before_av_one_third  first flex_column_div column-top-margin'     ><div  class='avia-button-wrap avia-button-center  avia-builder-el-10  avia-builder-el-no-sibling '>\n<style type=\"text\/css\" data-created_by=\"avia_inline_auto\" id=\"style-css-av-ltsuupg7-fc6354d57202d2284911b91912a61241\">\n#top #wrap_all .avia-button.av-ltsuupg7-fc6354d57202d2284911b91912a61241:hover{\ncolor:white;\n-webkit-transition:all 0.4s ease-in-out;\n-moz-transition:all 0.4s ease-in-out;\n-ms-transition:all 0.4s ease-in-out;\n-o-transition:all 0.4s ease-in-out;\ntransition:all 0.4s ease-in-out;\n}\n<\/style>\n<a href='https:\/\/xn--ludotecaslogroo-crb.es\/la_oca\/ludoteca-curso\/' class='av-icon-on-hover avia-color-theme-color avia-font-color-theme-color avia-button avia-button-fullwidth av-ltsuupg7-fc6354d57202d2284911b91912a61241 avia-icon_select-yes-left-icon avia-color-theme-color'  ><span class='avia_button_icon avia_button_icon_left' aria-hidden='true' data-av_icon='\ue875' data-av_iconfont='entypo-fontello'><\/span><span class='avia_iconbox_title' >Ludoteca curso<\/span><span class='avia_button_background avia-button avia-button-fullwidth avia-color-theme-color-highlight'><\/span><\/a><\/div><\/div>\n<div class='flex_column av-l7f4gu-6dcb715a352a8b786cc557e87e5d6de0 av_one_third  avia-builder-el-11  el_after_av_one_third  el_before_av_one_third  flex_column_div column-top-margin'     ><div  class='avia-button-wrap avia-button-center  avia-builder-el-12  avia-builder-el-no-sibling '>\n<style type=\"text\/css\" data-created_by=\"avia_inline_auto\" id=\"style-css-av-ltsuytca-cb067bb61a30cfe205212dce43296a1a\">\n#top #wrap_all .avia-button.av-ltsuytca-cb067bb61a30cfe205212dce43296a1a:hover{\ncolor:white;\n-webkit-transition:all 0.4s ease-in-out;\n-moz-transition:all 0.4s ease-in-out;\n-ms-transition:all 0.4s ease-in-out;\n-o-transition:all 0.4s ease-in-out;\ntransition:all 0.4s ease-in-out;\n}\n<\/style>\n<a href='https:\/\/xn--ludotecaslogroo-crb.es\/la_oca\/ludoteca-abierta\/' class='av-icon-on-hover avia-color-theme-color avia-font-color-theme-color avia-button avia-button-fullwidth av-ltsuytca-cb067bb61a30cfe205212dce43296a1a avia-icon_select-yes-left-icon avia-color-theme-color'  ><span class='avia_button_icon avia_button_icon_left' aria-hidden='true' data-av_icon='\ue875' data-av_iconfont='entypo-fontello'><\/span><span class='avia_iconbox_title' >Ludoteca abierta<\/span><span class='avia_button_background avia-button avia-button-fullwidth avia-color-theme-color-highlight'><\/span><\/a><\/div><\/div>\n<div class='flex_column av-iw8v9a-68b6c763bd8f17e423185fa86ef2debf av_one_third  avia-builder-el-13  el_after_av_one_third  el_before_av_one_fifth  flex_column_div column-top-margin'     ><div  class='avia-button-wrap avia-button-center  avia-builder-el-14  avia-builder-el-no-sibling '>\n<style type=\"text\/css\" data-created_by=\"avia_inline_auto\" id=\"style-css-av-ltsuzyrw-a793b621c32858253503e552ee747ea7\">\n#top #wrap_all .avia-button.av-ltsuzyrw-a793b621c32858253503e552ee747ea7:hover{\ncolor:white;\n-webkit-transition:all 0.4s ease-in-out;\n-moz-transition:all 0.4s ease-in-out;\n-ms-transition:all 0.4s ease-in-out;\n-o-transition:all 0.4s ease-in-out;\ntransition:all 0.4s ease-in-out;\n}\n<\/style>\n<a href='https:\/\/xn--ludotecaslogroo-crb.es\/la_oca\/ludoteca-vacaciones\/' class='av-icon-on-hover avia-color-theme-color avia-font-color-theme-color avia-button avia-button-fullwidth av-ltsuzyrw-a793b621c32858253503e552ee747ea7 avia-icon_select-yes-left-icon avia-color-theme-color'  ><span class='avia_button_icon avia_button_icon_left' aria-hidden='true' data-av_icon='\ue875' data-av_iconfont='entypo-fontello'><\/span><span class='avia_iconbox_title' >Ludoteca vacaciones<\/span><span class='avia_button_background avia-button avia-button-fullwidth avia-color-theme-color-highlight'><\/span><\/a><\/div><\/div><div class='flex_column av-gslyke-e1f8c0759cb60470d335fef195d8e9a3 av_one_fifth  avia-builder-el-15  el_after_av_one_third  el_before_av_three_fifth  first flex_column_div column-top-margin'     ><\/div><\/p>\n<div class='flex_column av-fmiedq-4bd29d3cf498927d88b67e767915cab2 av_three_fifth  avia-builder-el-16  el_after_av_one_fifth  el_before_av_one_fifth  flex_column_div column-top-margin'     ><div  class='avia-slideshow av-ltsvi7ag-539efab9979714e57548773e10ea8a86 avia-slideshow-gallery av_slideshow avia-slide-slider  avia-builder-el-17  avia-builder-el-no-sibling  av-slideshow-ui av-control-default av-slideshow-autoplay av-loop-endless av-loop-manual-endless av-default-height-applied avia-slideshow-1' data-slideshow-options=\"{&quot;animation&quot;:&quot;slide&quot;,&quot;autoplay&quot;:true,&quot;loop_autoplay&quot;:&quot;endless&quot;,&quot;interval&quot;:5,&quot;loop_manual&quot;:&quot;manual-endless&quot;,&quot;autoplay_stopper&quot;:false,&quot;noNavigation&quot;:false,&quot;bg_slider&quot;:false,&quot;keep_padding&quot;:false,&quot;hoverpause&quot;:false,&quot;show_slide_delay&quot;:0}\"  itemprop=\"image\" itemscope=\"itemscope\" itemtype=\"https:\/\/schema.org\/ImageObject\" ><ul class='avia-slideshow-inner ' style='padding-bottom: 133.33333333333%;'><li  class='avia-slideshow-slide av-ltsvi7ag-539efab9979714e57548773e10ea8a86__0  slide-1 slide-odd'><div data-rel='slideshow-1' class='avia-slide-wrap '   ><img class=\"wp-image-2647 avia-img-lazy-loading-not-2647\"  src=\"https:\/\/xn--ludotecaslogroo-crb.es\/la_oca\/wp-content\/uploads\/2024\/03\/foto-1-La-Oca-1.jpg\" width=\"480\" height=\"640\" title='foto 1 La Oca' alt=''  itemprop=\"thumbnailUrl\" srcset=\"https:\/\/xn--ludotecaslogroo-crb.es\/la_oca\/wp-content\/uploads\/2024\/03\/foto-1-La-Oca-1.jpg 480w, https:\/\/xn--ludotecaslogroo-crb.es\/la_oca\/wp-content\/uploads\/2024\/03\/foto-1-La-Oca-1-225x300.jpg 225w\" sizes=\"(max-width: 480px) 100vw, 480px\" \/><\/div><\/li><li  class='avia-slideshow-slide av-ltsvi7ag-539efab9979714e57548773e10ea8a86__1  slide-2 slide-even'><div data-rel='slideshow-1' class='avia-slide-wrap '   ><img class=\"wp-image-2648 avia-img-lazy-loading-not-2648\"  src=\"https:\/\/xn--ludotecaslogroo-crb.es\/la_oca\/wp-content\/uploads\/2024\/03\/foto-2-La-Oca-1.jpg\" width=\"480\" height=\"640\" title='foto 2 La Oca' alt=''  itemprop=\"thumbnailUrl\" srcset=\"https:\/\/xn--ludotecaslogroo-crb.es\/la_oca\/wp-content\/uploads\/2024\/03\/foto-2-La-Oca-1.jpg 480w, https:\/\/xn--ludotecaslogroo-crb.es\/la_oca\/wp-content\/uploads\/2024\/03\/foto-2-La-Oca-1-225x300.jpg 225w\" sizes=\"(max-width: 480px) 100vw, 480px\" \/><\/div><\/li><li  class='avia-slideshow-slide av-ltsvi7ag-539efab9979714e57548773e10ea8a86__2  slide-3 slide-odd'><div data-rel='slideshow-1' class='avia-slide-wrap '   ><img class=\"wp-image-2649 avia-img-lazy-loading-not-2649\"  src=\"https:\/\/xn--ludotecaslogroo-crb.es\/la_oca\/wp-content\/uploads\/2024\/03\/foto-3-La-Oca-1.jpg\" width=\"480\" height=\"640\" title='foto 3 La Oca' alt=''  itemprop=\"thumbnailUrl\" srcset=\"https:\/\/xn--ludotecaslogroo-crb.es\/la_oca\/wp-content\/uploads\/2024\/03\/foto-3-La-Oca-1.jpg 480w, https:\/\/xn--ludotecaslogroo-crb.es\/la_oca\/wp-content\/uploads\/2024\/03\/foto-3-La-Oca-1-225x300.jpg 225w\" sizes=\"(max-width: 480px) 100vw, 480px\" \/><\/div><\/li><li  class='avia-slideshow-slide av-ltsvi7ag-539efab9979714e57548773e10ea8a86__3  slide-4 slide-even'><div data-rel='slideshow-1' class='avia-slide-wrap '   ><img class=\"wp-image-2650 avia-img-lazy-loading-not-2650\"  src=\"https:\/\/xn--ludotecaslogroo-crb.es\/la_oca\/wp-content\/uploads\/2024\/03\/Foto-4-La-Oca-1.jpg\" width=\"480\" height=\"640\" title='Foto 4 La Oca' alt=''  itemprop=\"thumbnailUrl\" srcset=\"https:\/\/xn--ludotecaslogroo-crb.es\/la_oca\/wp-content\/uploads\/2024\/03\/Foto-4-La-Oca-1.jpg 480w, https:\/\/xn--ludotecaslogroo-crb.es\/la_oca\/wp-content\/uploads\/2024\/03\/Foto-4-La-Oca-1-225x300.jpg 225w\" sizes=\"(max-width: 480px) 100vw, 480px\" \/><\/div><\/li><li  class='avia-slideshow-slide av-ltsvi7ag-539efab9979714e57548773e10ea8a86__4  slide-5 slide-odd'><div data-rel='slideshow-1' class='avia-slide-wrap '   ><img class=\"wp-image-2651 avia-img-lazy-loading-not-2651\"  src=\"https:\/\/xn--ludotecaslogroo-crb.es\/la_oca\/wp-content\/uploads\/2024\/03\/foto-5-La-Oca-1.jpg\" width=\"640\" height=\"480\" title='foto 5 La Oca' alt=''  itemprop=\"thumbnailUrl\" srcset=\"https:\/\/xn--ludotecaslogroo-crb.es\/la_oca\/wp-content\/uploads\/2024\/03\/foto-5-La-Oca-1.jpg 640w, https:\/\/xn--ludotecaslogroo-crb.es\/la_oca\/wp-content\/uploads\/2024\/03\/foto-5-La-Oca-1-300x225.jpg 300w\" sizes=\"(max-width: 640px) 100vw, 640px\" \/><\/div><\/li><li  class='avia-slideshow-slide av-ltsvi7ag-539efab9979714e57548773e10ea8a86__5  slide-6 slide-even'><div data-rel='slideshow-1' class='avia-slide-wrap '   ><img class=\"wp-image-2652 avia-img-lazy-loading-not-2652\"  src=\"https:\/\/xn--ludotecaslogroo-crb.es\/la_oca\/wp-content\/uploads\/2024\/03\/foto-6-La-Oca-1.jpg\" width=\"640\" height=\"537\" title='foto 6 La Oca' alt=''  itemprop=\"thumbnailUrl\" srcset=\"https:\/\/xn--ludotecaslogroo-crb.es\/la_oca\/wp-content\/uploads\/2024\/03\/foto-6-La-Oca-1.jpg 640w, https:\/\/xn--ludotecaslogroo-crb.es\/la_oca\/wp-content\/uploads\/2024\/03\/foto-6-La-Oca-1-300x252.jpg 300w\" sizes=\"(max-width: 640px) 100vw, 640px\" \/><\/div><\/li><\/ul><div class='avia-slideshow-arrows avia-slideshow-controls' ><a href='#prev' class='prev-slide ' aria-hidden='true' data-av_icon='\ue87c' data-av_iconfont='entypo-fontello'  tabindex='-1'>Anterior<\/a><a href='#next' class='next-slide ' aria-hidden='true' data-av_icon='\ue87d' data-av_iconfont='entypo-fontello'  tabindex='-1'>Posterior<\/a><\/div><div class='avia-slideshow-dots avia-slideshow-controls'><a href='#1' class='goto-slide active' >1<\/a><a href='#2' class='goto-slide ' >2<\/a><a href='#3' class='goto-slide ' >3<\/a><a href='#4' class='goto-slide ' >4<\/a><a href='#5' class='goto-slide ' >5<\/a><a href='#6' class='goto-slide ' >6<\/a><\/div><\/div><\/div>\n<div class='flex_column av-3hjqda-213baf0fe3668f55e54556deffb71859 av_one_fifth  avia-builder-el-18  el_after_av_three_fifth  el_before_av_two_third  flex_column_div column-top-margin'     ><\/div>\n<div class='flex_column av-2yk066-500180789fb5863fd9e6d9acc79af758 av_two_third  avia-builder-el-19  el_after_av_one_fifth  el_before_av_one_third  first flex_column_div column-top-margin'     ><section  class='av_textblock_section av-ltswflq2-ac6340655f9cb858fcd54d0ae1f89edf'  itemscope=\"itemscope\" itemtype=\"https:\/\/schema.org\/CreativeWork\" ><div class='avia_textblock'  itemprop=\"text\" ><h2 style=\"text-align: left;\">HORARIO <br class=\"avia-permanent-lb\" \/><br class=\"avia-permanent-lb\" \/><\/h2>\n<h3>MA\u00d1ANAS:<\/h3>\n<p>Lunes-mi\u00e9rcoles-viernes:\u00a0 9:30-12:30<\/p>\n<h3>TARDES:<\/h3>\n<p>De lunes a viernes: 16:00-20:00<\/p>\n<h3>HORARIO PERIODOS VACACIONALES<\/h3>\n<p>De lunes a viernes: 7:45-15:15<\/p>\n<\/div><\/section><\/div>\n<div class='flex_column av-2m06qm-1f70616d6dc4f216fc74ba4fdaac6872 av_one_third  avia-builder-el-21  el_after_av_two_third  avia-builder-el-last  flex_column_div column-top-margin'     ><\/div>\n","protected":false},"excerpt":{"rendered":"","protected":false},"author":4,"featured_media":0,"parent":0,"menu_order":0,"comment_status":"closed","ping_status":"closed","template":"","meta":[],"_links":{"self":[{"href":"https:\/\/xn--ludotecaslogroo-crb.es\/la_oca\/wp-json\/wp\/v2\/pages\/2638"}],"collection":[{"href":"https:\/\/xn--ludotecaslogroo-crb.es\/la_oca\/wp-json\/wp\/v2\/pages"}],"about":[{"href":"https:\/\/xn--ludotecaslogroo-crb.es\/la_oca\/wp-json\/wp\/v2\/types\/page"}],"author":[{"embeddable":true,"href":"https:\/\/xn--ludotecaslogroo-crb.es\/la_oca\/wp-json\/wp\/v2\/users\/4"}],"replies":[{"embeddable":true,"href":"https:\/\/xn--ludotecaslogroo-crb.es\/la_oca\/wp-json\/wp\/v2\/comments?post=2638"}],"version-history":[{"count":12,"href":"https:\/\/xn--ludotecaslogroo-crb.es\/la_oca\/wp-json\/wp\/v2\/pages\/2638\/revisions"}],"predecessor-version":[{"id":2722,"href":"https:\/\/xn--ludotecaslogroo-crb.es\/la_oca\/wp-json\/wp\/v2\/pages\/2638\/revisions\/2722"}],"wp:attachment":[{"href":"https:\/\/xn--ludotecaslogroo-crb.es\/la_oca\/wp-json\/wp\/v2\/media?parent=2638"}],"curies":[{"name":"wp","href":"https:\/\/api.w.org\/{rel}","templated":true}]}}