{"id":232,"date":"2019-10-31T13:04:02","date_gmt":"2019-10-31T12:04:02","guid":{"rendered":"https:\/\/xn--ludotecaslogroo-crb.es\/la_oca\/?page_id=232"},"modified":"2019-10-31T13:21:47","modified_gmt":"2019-10-31T12:21:47","slug":"politica-de-proteccion-de-datos-y-privacidad","status":"publish","type":"page","link":"https:\/\/xn--ludotecaslogroo-crb.es\/el_escondite\/politica-de-proteccion-de-datos-y-privacidad\/","title":{"rendered":""},"content":{"rendered":"\n<style type=\"text\/css\" data-created_by=\"avia_inline_auto\" id=\"style-css-av-k1j0hl3o-b470545a36f5c5ff41a9da846b8b7732\">\n.avia-section.av-k1j0hl3o-b470545a36f5c5ff41a9da846b8b7732{\nbackground-color:#efefef;\nbackground-image:unset;\n}\n<\/style>\n<div id='av_section_1'  class='avia-section av-k1j0hl3o-b470545a36f5c5ff41a9da846b8b7732 main_color avia-section-default avia-no-border-styling  avia-builder-el-0  el_before_av_section  avia-builder-el-first  avia-bg-style-scroll container_wrap sidebar_right'  ><div class='container av-section-cont-open' ><main  role=\"main\" itemprop=\"mainContentOfPage\"  class='template-page content  av-content-small alpha units'><div class='post-entry post-entry-type-page post-entry-232'><div class='entry-content-wrapper clearfix'>\n\n<style type=\"text\/css\" data-created_by=\"avia_inline_auto\" id=\"style-css-av-eipa-5995b2b9d86e304a63a3b2246a8c341c\">\n.flex_column.av-eipa-5995b2b9d86e304a63a3b2246a8c341c{\nborder-radius:0px 0px 0px 0px;\n-webkit-border-radius:0px 0px 0px 0px;\n-moz-border-radius:0px 0px 0px 0px;\n}\n<\/style>\n<div class='flex_column av-eipa-5995b2b9d86e304a63a3b2246a8c341c av_one_full  avia-builder-el-1  avia-builder-el-no-sibling  first flex_column_div av-zero-column-padding '   ><style type=\"text\/css\" data-created_by=\"avia_inline_auto\" id=\"style-css-av-k2enzvny-d23b5ce4d0d6162049696321cb22e039\">\n#top .av-special-heading.av-k2enzvny-d23b5ce4d0d6162049696321cb22e039{\npadding-bottom:10px;\n}\nbody .av-special-heading.av-k2enzvny-d23b5ce4d0d6162049696321cb22e039 .av-special-heading-tag .heading-char{\nfont-size:25px;\n}\n.av-special-heading.av-k2enzvny-d23b5ce4d0d6162049696321cb22e039 .av-subheading{\nfont-size:15px;\n}\n<\/style>\n<div  class='av-special-heading av-k2enzvny-d23b5ce4d0d6162049696321cb22e039 av-special-heading-h1 blockquote modern-quote modern-centered  avia-builder-el-2  avia-builder-el-no-sibling '><h1 class='av-special-heading-tag'  itemprop=\"headline\"  >POL\u00cdTICA DE PROTECCI\u00d3N DE DATOS Y PRIVACIDAD<\/h1><div class=\"special-heading-border\"><div class=\"special-heading-inner-border\"><\/div><\/div><\/div><\/div>\n\n<\/div><\/div><\/main><!-- close content main element --><\/div><\/div><div id='av_section_2'  class='avia-section av-k1j0hl3o-06e6db33052d7236c7a8943c547122e2 main_color avia-section-default avia-no-border-styling  avia-builder-el-3  el_after_av_section  avia-builder-el-last  avia-bg-style-scroll container_wrap sidebar_right'  ><div class='container av-section-cont-open' ><div class='template-page content  av-content-small alpha units'><div class='post-entry post-entry-type-page post-entry-232'><div class='entry-content-wrapper clearfix'>\n<section  class='av_textblock_section av-k1j1bym8-590896d6468d7db3bec9f9cac7197e4e'  itemscope=\"itemscope\" itemtype=\"https:\/\/schema.org\/CreativeWork\" ><div class='avia_textblock'  itemprop=\"text\" ><h2>1. Responsable de tratamiento de sus datos<\/h2>\n<hr \/>\n<p>El responsable del tratamiento de sus datos es SEDENA SL (en adelante <span>LUDOTECA LA OCA<\/span>) con Domicilio Social en Pol\u00edgono Industrial de Mutilva Baja, N\u00ba 7, 1\u00ba A, C.P. 31192 (Mutilva, Navarra), y NIF E71244255.<\/p>\n<p>A efectos de la pol\u00edtica de protecci\u00f3n de datos nuestro tel\u00e9fono de contacto es (+34) 681 648 444 y el correo electr\u00f3nico de contacto es hola@dynamium.es<\/p>\n<\/div><\/section>\n<section  class='av_textblock_section av-k1j1bym8-590896d6468d7db3bec9f9cac7197e4e'  itemscope=\"itemscope\" itemtype=\"https:\/\/schema.org\/CreativeWork\" ><div class='avia_textblock'  itemprop=\"text\" ><h2>2. Objeto<\/h2>\n<hr \/>\n<p>Tratamiento de los datos de car\u00e1cter personal de clientes reales y potenciales.<\/p>\n<\/div><\/section>\n<section  class='av_textblock_section av-k1j1bym8-590896d6468d7db3bec9f9cac7197e4e'  itemscope=\"itemscope\" itemtype=\"https:\/\/schema.org\/CreativeWork\" ><div class='avia_textblock'  itemprop=\"text\" ><h2>3. El tipo de datos que tenemos sobre su persona y la forma de obtenci\u00f3n<\/h2>\n<hr \/>\n<p>Los datos personales que tenemos de su persona los hemos obtenido directamente de Usted mediante el formulario de contacto de la Web o mediante mensajes al correo electr\u00f3nico.<\/p>\n<p>Otros datos los hemos obtenido directamente por Usted, como resultado del desarrollo de la relaci\u00f3n contractual entre nosotros.<\/p>\n<\/div><\/section>\n<section  class='av_textblock_section av-k1j1bym8-590896d6468d7db3bec9f9cac7197e4e'  itemscope=\"itemscope\" itemtype=\"https:\/\/schema.org\/CreativeWork\" ><div class='avia_textblock'  itemprop=\"text\" ><h2>4. La finalidad del tratamiento de sus datos<\/h2>\n<hr \/>\n<p>Usted, al facilitar voluntariamente sus datos de car\u00e1cter personal, autoriza expresamente a que sean incorporados a un fichero para las siguientes finalidades:<\/p>\n<ul>\n<li>Mantener y gestionar la relaci\u00f3n con el cliente a trav\u00e9s del correo electr\u00f3nico, tel\u00e9fono o a trav\u00e9s de Whatsapp.<\/li>\n<li>Gesti\u00f3n de obligaciones fiscales, contables o de otra \u00edndole que se deriven de la relaci\u00f3n contractual.<\/li>\n<\/ul>\n<\/div><\/section>\n<section  class='av_textblock_section av-k1j1bym8-590896d6468d7db3bec9f9cac7197e4e'  itemscope=\"itemscope\" itemtype=\"https:\/\/schema.org\/CreativeWork\" ><div class='avia_textblock'  itemprop=\"text\" ><h2>5. Tiempo de conservaci\u00f3n de sus datos<\/h2>\n<hr \/>\n<p>Los datos personales que Usted proporciona a <span>LUDOTECA LA OCA<\/span> mediante cualquier formulario de recogida de datos ser\u00e1n conservados el tiempo que dure la relaci\u00f3n contractual, respetando los plazos legales de conservaci\u00f3n de datos en la materia.<\/p>\n<p>En cualquier caso, se guardar\u00e1n sus datos personales durante el per\u00edodo de tiempo que sea razonablemente necesario, teniendo en cuenta las necesidades de dar respuesta a cuestiones que se planteen, o resolver problemas, activar nuevos servicios y cumplir los requisitos que exija la legislaci\u00f3n aplicable, respondiendo a cualquier requerimiento administrativo o judicial. Esto significa que podemos conservar sus datos personales durante un per\u00edodo de tiempo razonable incluso despu\u00e9s de que haya dejado de formar parte de nuestro fichero de clientes. Despu\u00e9s de este per\u00edodo, sus datos personales ser\u00e1n eliminados de todos los sistemas mediante un sistema seguro espec\u00edfico de eliminaci\u00f3n de material confidencial.<\/p>\n<\/div><\/section>\n<section  class='av_textblock_section av-k1j1bym8-590896d6468d7db3bec9f9cac7197e4e'  itemscope=\"itemscope\" itemtype=\"https:\/\/schema.org\/CreativeWork\" ><div class='avia_textblock'  itemprop=\"text\" ><h2>6. Legitimaci\u00f3n<\/h2>\n<hr \/>\n<p>La base legal para el tratamiento de sus datos de car\u00e1cter personal es la petici\u00f3n de informaci\u00f3n por su parte, la ejecuci\u00f3n del contrato firmado por ambas partes y el consentimiento otorgado por el interesado.<\/p>\n<\/div><\/section>\n<section  class='av_textblock_section av-k1j1bym8-590896d6468d7db3bec9f9cac7197e4e'  itemscope=\"itemscope\" itemtype=\"https:\/\/schema.org\/CreativeWork\" ><div class='avia_textblock'  itemprop=\"text\" ><h2>7. Comunicaci\u00f3n de sus datos a terceros<\/h2>\n<hr \/>\n<p>Se le informa que sus datos no van a ser cedidos, compartidos ni comunicados a terceros, siendo nosotros los \u00fanicos responsables de su tratamiento y custodia. Sus datos personales nunca ser\u00e1n compartidos con ninguna empresa tercera que pretenda utilizarlos en sus acciones de marketing directo.<\/p>\n<\/div><\/section>\n<section  class='av_textblock_section av-k1j1bym8-590896d6468d7db3bec9f9cac7197e4e'  itemscope=\"itemscope\" itemtype=\"https:\/\/schema.org\/CreativeWork\" ><div class='avia_textblock'  itemprop=\"text\" ><h2>8. Sus derechos como afectado o interesado<\/h2>\n<hr \/>\n<p>Usted tiene derecho a solicitar el acceso, rectificaci\u00f3n, supresi\u00f3n, limitaci\u00f3n del tratamiento, oposici\u00f3n o derecho a la portabilidad de sus datos personales, avisando directamente a <span>LUDOTECA LA OCA<\/span>, por correo electr\u00f3nico a hola@dynamium.es o utilizando los datos de contacto que aparecen en la presente pol\u00edtica de Protecci\u00f3n de Datos y Privacidad de <span>LUDOTECA LA OCA<\/span>.<\/p>\n<\/div><\/section>\n<\/div><\/div><\/div><!-- close content main div --><\/div><\/div><div id='after_section_2'  class='main_color av_default_container_wrap container_wrap sidebar_right'  ><div class='container av-section-cont-open' ><div class='template-page content  av-content-small alpha units'><div class='post-entry post-entry-type-page post-entry-232'><div class='entry-content-wrapper clearfix'>\n","protected":false},"excerpt":{"rendered":"","protected":false},"author":2,"featured_media":0,"parent":0,"menu_order":0,"comment_status":"closed","ping_status":"closed","template":"","meta":[],"_links":{"self":[{"href":"https:\/\/xn--ludotecaslogroo-crb.es\/el_escondite\/wp-json\/wp\/v2\/pages\/232"}],"collection":[{"href":"https:\/\/xn--ludotecaslogroo-crb.es\/el_escondite\/wp-json\/wp\/v2\/pages"}],"about":[{"href":"https:\/\/xn--ludotecaslogroo-crb.es\/el_escondite\/wp-json\/wp\/v2\/types\/page"}],"author":[{"embeddable":true,"href":"https:\/\/xn--ludotecaslogroo-crb.es\/el_escondite\/wp-json\/wp\/v2\/users\/2"}],"replies":[{"embeddable":true,"href":"https:\/\/xn--ludotecaslogroo-crb.es\/el_escondite\/wp-json\/wp\/v2\/comments?post=232"}],"version-history":[{"count":4,"href":"https:\/\/xn--ludotecaslogroo-crb.es\/el_escondite\/wp-json\/wp\/v2\/pages\/232\/revisions"}],"predecessor-version":[{"id":240,"href":"https:\/\/xn--ludotecaslogroo-crb.es\/el_escondite\/wp-json\/wp\/v2\/pages\/232\/revisions\/240"}],"wp:attachment":[{"href":"https:\/\/xn--ludotecaslogroo-crb.es\/el_escondite\/wp-json\/wp\/v2\/media?parent=232"}],"curies":[{"name":"wp","href":"https:\/\/api.w.org\/{rel}","templated":true}]}}