{"id":2610,"date":"2024-04-08T10:34:22","date_gmt":"2024-04-08T08:34:22","guid":{"rendered":"https:\/\/xn--ludotecaslogroo-crb.es\/el_desvan\/?page_id=2610"},"modified":"2026-01-26T11:43:42","modified_gmt":"2026-01-26T10:43:42","slug":"proceso-de-solicitud-e-inscripcion","status":"publish","type":"page","link":"https:\/\/xn--ludotecaslogroo-crb.es\/el_desvan\/proceso-de-solicitud-e-inscripcion\/","title":{"rendered":"Proceso de solicitud e inscripci\u00f3n"},"content":{"rendered":"<div class='flex_column av-11id2e-5ded20e3cc0ba0fd9caf29c9d87ac52a av_one_full  avia-builder-el-0  el_before_av_hr  avia-builder-el-first  first flex_column_div '   ><section  class='av_textblock_section av-lu2iobeg-6180e5988ea9d5070472e93735a6e792'  itemscope=\"itemscope\" itemtype=\"https:\/\/schema.org\/CreativeWork\" ><div class='avia_textblock'  itemprop=\"text\" ><h1 style=\"text-align: center;\">PROCESO DE SOLICITUD E INSCRIPCI\u00d3N<\/h1>\n<\/div><\/section><\/div>\n<div  class='hr av-9x7phi-5ad590b21ac174395acfb3a6f0304e26 hr-default  avia-builder-el-2  el_after_av_one_full  el_before_av_one_full '><span class='hr-inner '><span class=\"hr-inner-style\"><\/span><\/span><\/div>\n<div class='flex_column av-6td7s6-324d6f83c333e8d08015a0a190404bea av_one_full  avia-builder-el-3  el_after_av_hr  el_before_av_one_full  first flex_column_div '   ><style type=\"text\/css\" data-created_by=\"avia_inline_auto\" id=\"style-css-av-lu2k4cae-150889924f3507e448213a58d5de9343\">\n.avia-timeline-container.av-lu2k4cae-150889924f3507e448213a58d5de9343 .av-milestone-date{\nfont-size:15px;\ncolor:#005200;\n}\n.avia-timeline-container.av-lu2k4cae-150889924f3507e448213a58d5de9343 .av-milestone-title{\nfont-size:15px;\n}\n.avia-timeline-container.av-lu2k4cae-150889924f3507e448213a58d5de9343 .av-milestone-icon-inner{\nbackground-color:rgba(180,193,114,0.58);\n}\n.avia-timeline-container.av-lu2k4cae-150889924f3507e448213a58d5de9343 .av-milestone-indicator{\nbackground-color:rgba(180,193,114,0.58);\n}\n.avia-timeline-container.av-lu2k4cae-150889924f3507e448213a58d5de9343 .av-milestone-article-footer{\nbackground-color:rgba(180,193,114,0.58);\n}\n\n@media only screen and (min-width: 768px) and (max-width: 989px){ \n.avia-timeline-container.av-lu2k4cae-150889924f3507e448213a58d5de9343 .av-milestone-date{\nfont-size:15px;\n}\n.avia-timeline-container.av-lu2k4cae-150889924f3507e448213a58d5de9343 .av-milestone-title{\nfont-size:15px;\n}\n}\n\n@media only screen and (min-width: 480px) and (max-width: 767px){ \n.avia-timeline-container.av-lu2k4cae-150889924f3507e448213a58d5de9343 .av-milestone-date{\nfont-size:15px;\n}\n.avia-timeline-container.av-lu2k4cae-150889924f3507e448213a58d5de9343 .av-milestone-title{\nfont-size:15px;\n}\n}\n\n@media only screen and (max-width: 479px){ \n.avia-timeline-container.av-lu2k4cae-150889924f3507e448213a58d5de9343 .av-milestone-date{\nfont-size:15px;\n}\n.avia-timeline-container.av-lu2k4cae-150889924f3507e448213a58d5de9343 .av-milestone-title{\nfont-size:15px;\n}\n}\n<\/style>\n<div  id=\"avia-timeline-1\"  class='avia-timeline-container av-lu2k4cae-150889924f3507e448213a58d5de9343  avia-builder-el-4  avia-builder-el-no-sibling  avia-slideshow-carousel' avia-data-slides='3'><ul class='avia-timeline avia-timeline-horizontal av-milestone-placement-top avia-timeline-boxshadow avia_animate_when_almost_visible avia-timeline-animate'>\n<li  class='av-milestone av-lu2jyxhh-371da58553cda724101f999a050bfb26 av-animated-generic fade-in av-milestone-odd'><h2 class='av-milestone-date ' id='milestone-fase-1a-solicitudes'><strong>Fase 1\u00aa: Solicitudes<span class='av-milestone-indicator'><\/span><\/strong><\/h2><div class=\"av-milestone-icon-wrap\"><span class='av-milestone-icon milestone_icon avia-font-entypo-fontello'><span class='av-milestone-icon-inner milestone_inner'><i class='milestone-char' aria-hidden='true' data-av_icon='\ue8bd' data-av_iconfont='entypo-fontello'><\/i><\/span><\/span><\/div><article class='av-milestone-content-wrap'><div class='av-milestone-contentbox'><header class=\"entry-content-header\"><h4 class='av-milestone-title '>De 9:30 del 28 de enero a 20:45 del 3 de febrero<\/h4><\/header><div class='av-milestone-content'><\/div><\/div><footer class='av-milestone-article-footer entry-footer'><\/footer><\/article><\/li>\n<li  class='av-milestone av-lu2jztob-a54297d81a2d64b3d5f7daf4fb5f3248 av-animated-generic fade-in av-milestone-even'><h2 class='av-milestone-date ' id='milestone-fase-2a-listados-previos'><strong>Fase 2\u00aa: Listados previos<span class='av-milestone-indicator'><\/span><\/strong><\/h2><div class=\"av-milestone-icon-wrap\"><span class='av-milestone-icon milestone_icon avia-font-entypo-fontello'><span class='av-milestone-icon-inner milestone_inner'><i class='milestone-char' aria-hidden='true' data-av_icon='\ue8bd' data-av_iconfont='entypo-fontello'><\/i><\/span><\/span><\/div><article class='av-milestone-content-wrap'><div class='av-milestone-contentbox'><header class=\"entry-content-header\"><h4 class='av-milestone-title '>A partir de las 16:30 del 11 de febrero<\/h4><\/header><div class='av-milestone-content'><\/div><\/div><footer class='av-milestone-article-footer entry-footer'><\/footer><\/article><\/li>\n<li  class='av-milestone av-lu2k0ka9-de7fce53edb10279f07c31b5f0ee9959 av-animated-generic fade-in av-milestone-odd'><h2 class='av-milestone-date ' id='milestone-fase-2a-alegaciones'><strong>Fase 2\u00aa: Alegaciones<span class='av-milestone-indicator'><\/span><\/strong><\/h2><div class=\"av-milestone-icon-wrap\"><span class='av-milestone-icon milestone_icon avia-font-entypo-fontello'><span class='av-milestone-icon-inner milestone_inner'><i class='milestone-char' aria-hidden='true' data-av_icon='\ue8bd' data-av_iconfont='entypo-fontello'><\/i><\/span><\/span><\/div><article class='av-milestone-content-wrap'><div class='av-milestone-contentbox'><header class=\"entry-content-header\"><h4 class='av-milestone-title '>Hasta las 14:00 del 12 de febrero<\/h4><\/header><div class='av-milestone-content'><\/div><\/div><footer class='av-milestone-article-footer entry-footer'><\/footer><\/article><\/li>\n<li  class='av-milestone av-lu2k0zpx-6f5cf92295566e72ff8a1c385b2632b3 av-animated-generic fade-in av-milestone-even'><h2 class='av-milestone-date ' id='milestone-fase-2a-listados-definitivos'><strong>Fase 2\u00aa: Listados definitivos<span class='av-milestone-indicator'><\/span><\/strong><\/h2><div class=\"av-milestone-icon-wrap\"><span class='av-milestone-icon milestone_icon avia-font-entypo-fontello'><span class='av-milestone-icon-inner milestone_inner'><i class='milestone-char' aria-hidden='true' data-av_icon='\ue8bd' data-av_iconfont='entypo-fontello'><\/i><\/span><\/span><\/div><article class='av-milestone-content-wrap'><div class='av-milestone-contentbox'><header class=\"entry-content-header\"><h4 class='av-milestone-title '>A partir de las 16:30 del 18 de febrero<\/h4><\/header><div class='av-milestone-content'><\/div><\/div><footer class='av-milestone-article-footer entry-footer'><\/footer><\/article><\/li>\n<li  class='av-milestone av-lu2k3drp-3ef5f07a4ad53813676ae569389a2bc0 av-animated-generic fade-in av-milestone-odd'><h2 class='av-milestone-date ' id='milestone-fase-3a-inscripciones-de-las-solicitudes'><strong>Fase 3\u00aa: Inscripciones de las solicitudes<span class='av-milestone-indicator'><\/span><\/strong><\/h2><div class=\"av-milestone-icon-wrap\"><span class='av-milestone-icon milestone_icon avia-font-entypo-fontello'><span class='av-milestone-icon-inner milestone_inner'><i class='milestone-char' aria-hidden='true' data-av_icon='\ue8bd' data-av_iconfont='entypo-fontello'><\/i><\/span><\/span><\/div><article class='av-milestone-content-wrap'><div class='av-milestone-contentbox'><header class=\"entry-content-header\"><h4 class='av-milestone-title '>Del 23 de febrero a las 09:30 hasta el 5 de marzo a las 19:30<\/h4><\/header><div class='av-milestone-content'><\/div><\/div><footer class='av-milestone-article-footer entry-footer'><\/footer><\/article><\/li>\n<\/ul><div class='av-timeline-nav ' ><a href='#prev' class='prev-slide av-timeline-nav-prev av-nav-btn' aria-hidden='true' data-av_icon='\ue87c' data-av_iconfont='entypo-fontello'  tabindex='-1'>Anterior<\/a><a href='#next' class='next-slide av-timeline-nav-next av-nav-btn' aria-hidden='true' data-av_icon='\ue87d' data-av_iconfont='entypo-fontello'  tabindex='-1'>Posterior<\/a><\/div><\/div><\/div><div class='flex_column av-2dj6py-67e8e7fc0e45df1178175bec5ab70b22 av_one_full  avia-builder-el-5  el_after_av_one_full  el_before_av_tab_section  avia-builder-el-last  first flex_column_div column-top-margin'   ><section  class='av_textblock_section av-lu6qx8ly-155dab2036609b7f547df676539ab9c0'  itemscope=\"itemscope\" itemtype=\"https:\/\/schema.org\/CreativeWork\" ><div class='avia_textblock'  itemprop=\"text\" ><h2 style=\"text-align: center;\">Gesti\u00f3n de plazas vacantes<\/h2>\n<ul>\n<li>A partir de las 09:30 del 6 de marzo hasta las 19:45 del 10 de marzo para aquellas ni\u00f1as y ni\u00f1os empadronados en Logro\u00f1o que sus familias no hayan realizado previamente ninguna solicitud en ninguna de las ludotecas municipales.<\/li>\n<li>A partir de las 09:30 del 11 de marzo podr\u00e1n optar a las plazas vacantes las ni\u00f1as y ni\u00f1os empadronados y no empadronados en Logro\u00f1o.<\/li>\n<\/ul>\n<\/div><\/section><\/div>\n<style type=\"text\/css\" data-created_by=\"avia_inline_auto\" id=\"style-css-av-n6gja-4010d4e81201e8da7c254e07d646a888\">\n.av-tab-section-outer-container.av-n6gja-4010d4e81201e8da7c254e07d646a888 .av-tab-section-tab-title-container{\nbackground-color:rgba(180,193,114,0.58);\n}\n<\/style>\n<\/div><\/div><\/div><!-- close content main div --><\/div><\/div><div id='av-tab-section-1'  class='av-tab-section-container entry-content-wrapper main_color av-tab-no-transition   av-tab-above-content  avia-builder-el-7  el_after_av_one_full  avia-builder-el-last  tab-section-not-first container_wrap fullsize'  ><div class='av-tab-section-outer-container av-n6gja-4010d4e81201e8da7c254e07d646a888'><div class='av-tab-section-tab-title-container avia-tab-title-padding-default' role='tablist'><a href='#cmo-inscribirse' data-av-tab-section-title='1' class='av-section-tab-title av-active-tab-title no-scroll av-lu2jhygj-93158a7177369d055670397610882af4 av-tab-no-icon av-tab-no-image ' role='tab' tabindex='0' aria-controls='av-tab-section-1-1'><span class='av-outer-tab-title'><span class='av-inner-tab-title'>\u00bfC\u00f3mo inscribirse?<\/span><\/span><span class=\"av-tab-arrow-container\"><span><\/span><\/span><\/a><a href='#fase-1' data-av-tab-section-title='2' class='av-section-tab-title  av-lu2jiejc-3730df7890ab73a6855abda5c32edc69 av-tab-no-icon av-tab-no-image ' role='tab' tabindex='0' aria-controls='av-tab-section-1-2'><span class='av-outer-tab-title'><span class='av-inner-tab-title'>FASE 1\u00aa<\/span><\/span><span class=\"av-tab-arrow-container\"><span><\/span><\/span><\/a><a href='#fase-2' data-av-tab-section-title='3' class='av-section-tab-title  av-lu2jk0jq-42c39032f4535818bb16187caaeaa9aa av-tab-no-icon av-tab-no-image ' role='tab' tabindex='0' aria-controls='av-tab-section-1-3'><span class='av-outer-tab-title'><span class='av-inner-tab-title'>FASE 2\u00aa<\/span><\/span><span class=\"av-tab-arrow-container\"><span><\/span><\/span><\/a><a href='#fase-3' data-av-tab-section-title='4' class='av-section-tab-title  av-4pf5uu-e3d90ce69b057748cf27819817e8943a av-tab-no-icon av-tab-no-image ' role='tab' tabindex='0' aria-controls='av-tab-section-1-4'><span class='av-outer-tab-title'><span class='av-inner-tab-title'>FASE 3\u00aa<\/span><\/span><span class=\"av-tab-arrow-container\"><span><\/span><\/span><\/a><\/div><div class='avia-slideshow-arrows av-tabsection-arrow' ><a href='#prev' class='prev-slide av_prev_tab_section av-tab-section-slide' aria-hidden='true' data-av_icon='\ue87c' data-av_iconfont='entypo-fontello'  tabindex='-1'>Anterior<\/a><a href='#next' class='next-slide av_next_tab_section av-tab-section-slide' aria-hidden='true' data-av_icon='\ue87d' data-av_iconfont='entypo-fontello'  tabindex='-1'>Posterior<\/a><\/div><div class='av-tab-section-inner-container avia-section-default' style='width:400vw; left:0%;'><span class=\"av_prev_tab_section av_tab_navigation\"><\/span><span class=\"av_next_tab_section av_tab_navigation\"><\/span>\n\n<style type=\"text\/css\" data-created_by=\"avia_inline_auto\" id=\"style-css-av-lu2jhygj-93158a7177369d055670397610882af4\">\n.av-layout-tab.av-lu2jhygj-93158a7177369d055670397610882af4{\nvertical-align:middle;\n}\n#top .av-tab-section-outer-container.av-n6gja-4010d4e81201e8da7c254e07d646a888 .av-active-tab-title.av-section-tab-title.av-lu2jhygj-93158a7177369d055670397610882af4{\ncolor:#000000;\n}\n<\/style>\n<div id='av-tab-section-1-1' class='av-layout-tab av-lu2jhygj-93158a7177369d055670397610882af4 av-animation-delay-container  avia-builder-el-8  el_before_av_tab_sub_section  avia-builder-el-first  av-active-tab-content __av_init_open '  data-av-tab-section-content=\"1\" data-tab-section-id='cmo-inscribirse'><div class=\"av-layout-tab-inner\"><div class=\"container\"><section  class='av_textblock_section av-lu2kirqq-a00221ff15e2e392846a7e58a2b2c993'  itemscope=\"itemscope\" itemtype=\"https:\/\/schema.org\/CreativeWork\" ><div class='avia_textblock'  itemprop=\"text\" ><p>Tendr\u00e1n preferencia las siguientes situaciones familiares:<\/p>\n<ul>\n<li>Familias con v\u00edctima de violencia de g\u00e9nero<\/li>\n<li>Conciliaci\u00f3n familiar (ambos progenitores o tutores legales trabajen)<\/li>\n<li>Familias monoparentales<\/li>\n<li>Familias numerosas<\/li>\n<li>Familias acogedoras<\/li>\n<\/ul>\n<p>Podr\u00e1 hacerse una sola solicitud por participante, eligiendo un \u00fanico espacio municipal.<\/p>\n<p>Una vez tenido esto en cuenta, se realizar\u00e1n los siguientes pasos.<\/p>\n<\/div><\/section>\n<\/div><\/div><\/div>\n<style type=\"text\/css\" data-created_by=\"avia_inline_auto\" id=\"style-css-av-lu2jiejc-3730df7890ab73a6855abda5c32edc69\">\n.av-layout-tab.av-lu2jiejc-3730df7890ab73a6855abda5c32edc69{\nvertical-align:middle;\n}\n#top .av-tab-section-outer-container.av-n6gja-4010d4e81201e8da7c254e07d646a888 .av-active-tab-title.av-section-tab-title.av-lu2jiejc-3730df7890ab73a6855abda5c32edc69{\ncolor:#000000;\n}\n<\/style>\n<div id='av-tab-section-1-2' class='av-layout-tab av-lu2jiejc-3730df7890ab73a6855abda5c32edc69 av-animation-delay-container  avia-builder-el-10  el_after_av_tab_sub_section  el_before_av_tab_sub_section   '  data-av-tab-section-content=\"2\" data-tab-section-id='fase-1'><div class=\"av-layout-tab-inner\"><div class=\"container\"><section  class='av_textblock_section av-lu2kqzw9-a922336fe4694bac63c6219f75c0edf5'  itemscope=\"itemscope\" itemtype=\"https:\/\/schema.org\/CreativeWork\" ><div class='avia_textblock'  itemprop=\"text\" ><h2>Solicitudes<\/h2>\n<p>Cumplimentar el formulario de solicitud de forma legible y en may\u00fasculas. Enviar esta ficha junto con los DNI o NIE de los progenitores al correo de la ludoteca.<\/p>\n<p><a href=\"mailto:ludotecaeldesvan@logrono.es\" target=\"_blank\" rel=\"noopener\">ludotecaeldesvan@logrono.es<\/a><\/p>\n<\/div><\/section><br \/>\n<div  class='avia-button-wrap avia-button-center  avia-builder-el-12  el_after_av_textblock  avia-builder-el-last ' ><a href='https:\/\/xn--ludotecaslogroo-crb.es\/el_desvan\/wp-content\/uploads\/2026\/01\/Formulario-Solicitud-para-Inscripcion.odt'  class='avia-button av-lu2krmkj-b4a29d15e15f66ce5da48ce647f0c4db avia-icon_select-no avia-size-small avia-position-center avia-color-theme-color'  target=\"_blank\"  rel=\"noopener noreferrer\"><span class='avia_iconbox_title' >Formulario solicitud<\/span><\/a><\/div><\/p>\n<\/div><\/div><\/div>\n<style type=\"text\/css\" data-created_by=\"avia_inline_auto\" id=\"style-css-av-lu2jk0jq-42c39032f4535818bb16187caaeaa9aa\">\n.av-layout-tab.av-lu2jk0jq-42c39032f4535818bb16187caaeaa9aa{\nvertical-align:middle;\n}\n#top .av-tab-section-outer-container.av-n6gja-4010d4e81201e8da7c254e07d646a888 .av-active-tab-title.av-section-tab-title.av-lu2jk0jq-42c39032f4535818bb16187caaeaa9aa{\ncolor:#000000;\n}\n<\/style>\n<div id='av-tab-section-1-3' class='av-layout-tab av-lu2jk0jq-42c39032f4535818bb16187caaeaa9aa av-animation-delay-container  avia-builder-el-13  el_after_av_tab_sub_section  el_before_av_tab_sub_section   '  data-av-tab-section-content=\"3\" data-tab-section-id='fase-2'><div class=\"av-layout-tab-inner\"><div class=\"container\"><section  class='av_textblock_section av-330r4m-f6b65be6b5b7d0b92fed9f02b17999a9'  itemscope=\"itemscope\" itemtype=\"https:\/\/schema.org\/CreativeWork\" ><div class='avia_textblock'  itemprop=\"text\" ><h2>Baremaci\u00f3n, alegaciones y listados definitivos<\/h2>\n<p>Una vez baremadas las solicitudes de los turnos cuya demanda haya sido superior a las plazas, se ordenar\u00e1n en los listados previos de cada ludoteca y turno, estos se publicaran en la web de las Ludotecas Municipales.<\/p>\n<p>Se podr\u00e1n presentar alegaciones en el correo <a href=\"mailto:ludotecas@logrono.es\" target=\"_blank\" rel=\"noopener\">ludotecas@logrono.es<\/a>.<\/p>\n<p>Posteriormente se publicaran los listados definitivos en los espacios municipales.<\/p>\n<\/div><\/section><br \/>\n<div  class='avia-button-wrap avia-button-left  avia-builder-el-15  el_after_av_textblock  el_before_av_button ' ><a href='' class='avia-button av-lu2uu765-e4cb975718f666367c57dbe707582b63 avia-icon_select-yes-left-icon avia-size-small avia-position-left av-icon-on-hover avia-color-theme-color' target=\"_blank\" rel=\"noopener noreferrer\"><span class='avia_button_icon avia_button_icon_left' aria-hidden='true' data-av_icon='\ue875' data-av_iconfont='entypo-fontello'><\/span><span class='avia_iconbox_title' >Listados previos<\/span><\/a><\/div><br \/>\n<div  class='avia-button-wrap avia-button-right  avia-builder-el-16  el_after_av_button  avia-builder-el-last ' ><a href='' class='avia-button av-lu2uv2cu-d1c211d111696857357421dfa99c3efe avia-icon_select-yes-left-icon avia-size-small avia-position-right av-icon-on-hover avia-color-theme-color' target=\"_blank\" rel=\"noopener noreferrer\"><span class='avia_button_icon avia_button_icon_left' aria-hidden='true' data-av_icon='\ue875' data-av_iconfont='entypo-fontello'><\/span><span class='avia_iconbox_title' >Listados definitivos<\/span><\/a><\/div><\/p>\n<\/div><\/div><\/div>\n<style type=\"text\/css\" data-created_by=\"avia_inline_auto\" id=\"style-css-av-4pf5uu-e3d90ce69b057748cf27819817e8943a\">\n.av-layout-tab.av-4pf5uu-e3d90ce69b057748cf27819817e8943a{\nvertical-align:middle;\n}\n#top .av-tab-section-outer-container.av-n6gja-4010d4e81201e8da7c254e07d646a888 .av-active-tab-title.av-section-tab-title.av-4pf5uu-e3d90ce69b057748cf27819817e8943a{\ncolor:#000000;\n}\n<\/style>\n<div id='av-tab-section-1-4' class='av-layout-tab av-4pf5uu-e3d90ce69b057748cf27819817e8943a av-animation-delay-container  avia-builder-el-17  el_after_av_tab_sub_section  avia-builder-el-last   '  data-av-tab-section-content=\"4\" data-tab-section-id='fase-3'><div class=\"av-layout-tab-inner\"><div class=\"container\"><section  class='av_textblock_section av-lu2uy7ak-2648d615a98601650f262f5d4b700800'  itemscope=\"itemscope\" itemtype=\"https:\/\/schema.org\/CreativeWork\" ><div class='avia_textblock'  itemprop=\"text\" ><h2>INSCRIPCI\u00d3N<\/h2>\n<p>Una vez confirmada la plaza se concertar\u00e1n citas previas por tel\u00e9fono o correo electr\u00f3nico para realizar la inscripci\u00f3n definitiva en el espacio municipal solicitado, adjuntando la documentaci\u00f3n acreditativa de la situaci\u00f3n familiar* por la que se accedi\u00f3 en la fase de solicitud y el libro de familia o copia del certificado de nacimiento Registro Civil.<\/p>\n<\/div><\/section>\n<\/div><\/div><\/div><\/div><\/div><\/div><\/p>\n","protected":false},"excerpt":{"rendered":"","protected":false},"author":4,"featured_media":0,"parent":0,"menu_order":0,"comment_status":"closed","ping_status":"closed","template":"","meta":[],"_links":{"self":[{"href":"https:\/\/xn--ludotecaslogroo-crb.es\/el_desvan\/wp-json\/wp\/v2\/pages\/2610"}],"collection":[{"href":"https:\/\/xn--ludotecaslogroo-crb.es\/el_desvan\/wp-json\/wp\/v2\/pages"}],"about":[{"href":"https:\/\/xn--ludotecaslogroo-crb.es\/el_desvan\/wp-json\/wp\/v2\/types\/page"}],"author":[{"embeddable":true,"href":"https:\/\/xn--ludotecaslogroo-crb.es\/el_desvan\/wp-json\/wp\/v2\/users\/4"}],"replies":[{"embeddable":true,"href":"https:\/\/xn--ludotecaslogroo-crb.es\/el_desvan\/wp-json\/wp\/v2\/comments?post=2610"}],"version-history":[{"count":18,"href":"https:\/\/xn--ludotecaslogroo-crb.es\/el_desvan\/wp-json\/wp\/v2\/pages\/2610\/revisions"}],"predecessor-version":[{"id":3458,"href":"https:\/\/xn--ludotecaslogroo-crb.es\/el_desvan\/wp-json\/wp\/v2\/pages\/2610\/revisions\/3458"}],"wp:attachment":[{"href":"https:\/\/xn--ludotecaslogroo-crb.es\/el_desvan\/wp-json\/wp\/v2\/media?parent=2610"}],"curies":[{"name":"wp","href":"https:\/\/api.w.org\/{rel}","templated":true}]}}