{"id":2605,"date":"2024-04-08T10:35:38","date_gmt":"2024-04-08T08:35:38","guid":{"rendered":"https:\/\/xn--ludotecaslogroo-crb.es\/el_desvan\/?page_id=2605"},"modified":"2026-02-18T16:16:51","modified_gmt":"2026-02-18T15:16:51","slug":"ludoteca-vacaciones","status":"publish","type":"page","link":"https:\/\/xn--ludotecaslogroo-crb.es\/el_desvan\/ludoteca-vacaciones\/","title":{"rendered":"ludoteca vacaciones"},"content":{"rendered":"<section  class='av_textblock_section av-lu2hx071-afab6c465a75a2bab1fc64dc61080852'  itemscope=\"itemscope\" itemtype=\"https:\/\/schema.org\/CreativeWork\" ><div class='avia_textblock'  itemprop=\"text\" ><h1 style=\"text-align: center;\">LUDOTECA VACACIONES<\/h1>\n<\/div><\/section>\n\n<style type=\"text\/css\" data-created_by=\"avia_inline_auto\" id=\"style-css-av-mkv189ci-156e8fd584714c4495165b63dd348209\">\n.avia-image-container.av-mkv189ci-156e8fd584714c4495165b63dd348209 .av-image-caption-overlay-center{\ncolor:#ffffff;\n}\n<\/style>\n<div  class='avia-image-container av-mkv189ci-156e8fd584714c4495165b63dd348209 av-styling- avia-align-center  avia-builder-el-1  el_after_av_textblock  el_before_av_hr '  itemprop=\"image\" itemscope=\"itemscope\" itemtype=\"https:\/\/schema.org\/ImageObject\" ><div class=\"avia-image-container-inner\"><div class=\"avia-image-overlay-wrap\"><a href=\"https:\/\/xn--ludotecaslogroo-crb.es\/el_desvan\/wp-content\/uploads\/2026\/02\/Nota-informativa-en-listados-definitivos_page-0001-728x1030.jpg\" data-srcset=\"https:\/\/xn--ludotecaslogroo-crb.es\/el_desvan\/wp-content\/uploads\/2026\/02\/Nota-informativa-en-listados-definitivos_page-0001-728x1030.jpg 728w, https:\/\/xn--ludotecaslogroo-crb.es\/el_desvan\/wp-content\/uploads\/2026\/02\/Nota-informativa-en-listados-definitivos_page-0001-212x300.jpg 212w, https:\/\/xn--ludotecaslogroo-crb.es\/el_desvan\/wp-content\/uploads\/2026\/02\/Nota-informativa-en-listados-definitivos_page-0001-768x1087.jpg 768w, https:\/\/xn--ludotecaslogroo-crb.es\/el_desvan\/wp-content\/uploads\/2026\/02\/Nota-informativa-en-listados-definitivos_page-0001-1085x1536.jpg 1085w, https:\/\/xn--ludotecaslogroo-crb.es\/el_desvan\/wp-content\/uploads\/2026\/02\/Nota-informativa-en-listados-definitivos_page-0001-1060x1500.jpg 1060w, https:\/\/xn--ludotecaslogroo-crb.es\/el_desvan\/wp-content\/uploads\/2026\/02\/Nota-informativa-en-listados-definitivos_page-0001-498x705.jpg 498w, https:\/\/xn--ludotecaslogroo-crb.es\/el_desvan\/wp-content\/uploads\/2026\/02\/Nota-informativa-en-listados-definitivos_page-0001.jpg 1240w\" data-sizes=\"(max-width: 728px) 100vw, 728px\" class='avia_image' ><img class='wp-image-3467 avia-img-lazy-loading-not-3467 avia_image' src=\"https:\/\/xn--ludotecaslogroo-crb.es\/el_desvan\/wp-content\/uploads\/2026\/02\/Nota-informativa-en-listados-definitivos_page-0001-212x300.jpg\" alt='' title='Nota informativa en listados definitivos_page-0001'  height=\"300\" width=\"212\"  itemprop=\"thumbnailUrl\" srcset=\"https:\/\/xn--ludotecaslogroo-crb.es\/el_desvan\/wp-content\/uploads\/2026\/02\/Nota-informativa-en-listados-definitivos_page-0001-212x300.jpg 212w, https:\/\/xn--ludotecaslogroo-crb.es\/el_desvan\/wp-content\/uploads\/2026\/02\/Nota-informativa-en-listados-definitivos_page-0001-728x1030.jpg 728w, https:\/\/xn--ludotecaslogroo-crb.es\/el_desvan\/wp-content\/uploads\/2026\/02\/Nota-informativa-en-listados-definitivos_page-0001-768x1087.jpg 768w, https:\/\/xn--ludotecaslogroo-crb.es\/el_desvan\/wp-content\/uploads\/2026\/02\/Nota-informativa-en-listados-definitivos_page-0001-1085x1536.jpg 1085w, https:\/\/xn--ludotecaslogroo-crb.es\/el_desvan\/wp-content\/uploads\/2026\/02\/Nota-informativa-en-listados-definitivos_page-0001-1060x1500.jpg 1060w, https:\/\/xn--ludotecaslogroo-crb.es\/el_desvan\/wp-content\/uploads\/2026\/02\/Nota-informativa-en-listados-definitivos_page-0001-498x705.jpg 498w, https:\/\/xn--ludotecaslogroo-crb.es\/el_desvan\/wp-content\/uploads\/2026\/02\/Nota-informativa-en-listados-definitivos_page-0001.jpg 1240w\" sizes=\"(max-width: 212px) 100vw, 212px\" \/><\/a><\/div><\/div><\/div>\n<div  class='hr av-74xgcj-7877d80455b4677d803ee36457abc68f hr-default  avia-builder-el-2  el_after_av_image  el_before_av_tab_section  avia-builder-el-last '><span class='hr-inner '><span class=\"hr-inner-style\"><\/span><\/span><\/div>\n\n<style type=\"text\/css\" data-created_by=\"avia_inline_auto\" id=\"style-css-av-38anjn-148775d55ea98db42e0380b579562037\">\n.av-tab-section-outer-container.av-38anjn-148775d55ea98db42e0380b579562037 .av-tab-section-tab-title-container{\nbackground-color:rgba(180,193,114,0.58);\n}\n<\/style>\n<\/div><\/div><\/div><!-- close content main div --><\/div><\/div><div id='av-tab-section-1'  class='av-tab-section-container entry-content-wrapper main_color av-tab-no-transition   av-tab-above-content  avia-builder-el-3  el_after_av_hr  el_before_av_one_half  tab-section-not-first container_wrap fullsize'  ><div class='av-tab-section-outer-container av-38anjn-148775d55ea98db42e0380b579562037'><div class='av-tab-section-tab-title-container avia-tab-title-padding-default' role='tablist'><a href='#edades' data-av-tab-section-title='1' class='av-section-tab-title av-active-tab-title no-scroll av-lu2iygaf-69714a87a51e96d6195a8689ed6cbcbf av-tab-no-icon av-tab-no-image ' role='tab' tabindex='0' aria-controls='av-tab-section-1-1'><span class='av-outer-tab-title'><span class='av-inner-tab-title'>EDADES<\/span><\/span><span class=\"av-tab-arrow-container\"><span><\/span><\/span><\/a><a href='#fechas' data-av-tab-section-title='2' class='av-section-tab-title  av-lu2iyovr-1cd491946839ad830229e0f6109be6a8 av-tab-no-icon av-tab-no-image ' role='tab' tabindex='0' aria-controls='av-tab-section-1-2'><span class='av-outer-tab-title'><span class='av-inner-tab-title'>FECHAS<\/span><\/span><span class=\"av-tab-arrow-container\"><span><\/span><\/span><\/a><a href='#horario' data-av-tab-section-title='3' class='av-section-tab-title  av-lu2iyyej-0139d4ab4f47eeb9507742a89764c29e av-tab-no-icon av-tab-no-image ' role='tab' tabindex='0' aria-controls='av-tab-section-1-3'><span class='av-outer-tab-title'><span class='av-inner-tab-title'>HORARIO<\/span><\/span><span class=\"av-tab-arrow-container\"><span><\/span><\/span><\/a><a href='#cuotas' data-av-tab-section-title='4' class='av-section-tab-title  av-lu2izczn-7517d14b5f88026cf8a6ae7ba49181d3 av-tab-no-icon av-tab-no-image ' role='tab' tabindex='0' aria-controls='av-tab-section-1-4'><span class='av-outer-tab-title'><span class='av-inner-tab-title'>CUOTAS<\/span><\/span><span class=\"av-tab-arrow-container\"><span><\/span><\/span><\/a><\/div><div class='avia-slideshow-arrows av-tabsection-arrow' ><a href='#prev' class='prev-slide av_prev_tab_section av-tab-section-slide' aria-hidden='true' data-av_icon='\ue87c' data-av_iconfont='entypo-fontello'  tabindex='-1'>Anterior<\/a><a href='#next' class='next-slide av_next_tab_section av-tab-section-slide' aria-hidden='true' data-av_icon='\ue87d' data-av_iconfont='entypo-fontello'  tabindex='-1'>Posterior<\/a><\/div><div class='av-tab-section-inner-container avia-section-default' style='width:400vw; left:0%;'><span class=\"av_prev_tab_section av_tab_navigation\"><\/span><span class=\"av_next_tab_section av_tab_navigation\"><\/span>\n\n<style type=\"text\/css\" data-created_by=\"avia_inline_auto\" id=\"style-css-av-lu2iygaf-69714a87a51e96d6195a8689ed6cbcbf\">\n.av-layout-tab.av-lu2iygaf-69714a87a51e96d6195a8689ed6cbcbf{\nvertical-align:middle;\n}\n#top .av-tab-section-outer-container.av-38anjn-148775d55ea98db42e0380b579562037 .av-active-tab-title.av-section-tab-title.av-lu2iygaf-69714a87a51e96d6195a8689ed6cbcbf{\ncolor:#000000;\n}\n<\/style>\n<div id='av-tab-section-1-1' class='av-layout-tab av-lu2iygaf-69714a87a51e96d6195a8689ed6cbcbf av-animation-delay-container  avia-builder-el-4  el_before_av_tab_sub_section  avia-builder-el-first  av-active-tab-content __av_init_open '  data-av-tab-section-content=\"1\" data-tab-section-id='edades'><div class=\"av-layout-tab-inner\"><div class=\"container\"><section  class='av_textblock_section av-lu2j1bzd-00b35bbfd9df3fa67f7a09dfebbca5c5'  itemscope=\"itemscope\" itemtype=\"https:\/\/schema.org\/CreativeWork\" ><div class='avia_textblock'  itemprop=\"text\" ><p style=\"text-align: center;\">Podr\u00e1n participar menores empadronados en Logro\u00f1o nacidos entre los a\u00f1os 2014 y 2021<\/p>\n<\/div><\/section>\n<\/div><\/div><\/div>\n<style type=\"text\/css\" data-created_by=\"avia_inline_auto\" id=\"style-css-av-lu2iyovr-1cd491946839ad830229e0f6109be6a8\">\n.av-layout-tab.av-lu2iyovr-1cd491946839ad830229e0f6109be6a8{\nvertical-align:middle;\n}\n#top .av-tab-section-outer-container.av-38anjn-148775d55ea98db42e0380b579562037 .av-active-tab-title.av-section-tab-title.av-lu2iyovr-1cd491946839ad830229e0f6109be6a8{\ncolor:#000000;\n}\n<\/style>\n<div id='av-tab-section-1-2' class='av-layout-tab av-lu2iyovr-1cd491946839ad830229e0f6109be6a8 av-animation-delay-container  avia-builder-el-6  el_after_av_tab_sub_section  el_before_av_tab_sub_section   '  data-av-tab-section-content=\"2\" data-tab-section-id='fechas'><div class=\"av-layout-tab-inner\"><div class=\"container\"><section  class='av_textblock_section av-lu2j4fv6-d66fd2cfe4c376c5ac2a2f43fe923834'  itemscope=\"itemscope\" itemtype=\"https:\/\/schema.org\/CreativeWork\" ><div class='avia_textblock'  itemprop=\"text\" ><p style=\"text-align: center;\"><strong>Turno 1<\/strong>: 30 y 31 de marzo y 1 de abril<\/p>\n<p style=\"text-align: center;\">\n<\/div><\/section>\n<\/div><\/div><\/div>\n<style type=\"text\/css\" data-created_by=\"avia_inline_auto\" id=\"style-css-av-lu2iyyej-0139d4ab4f47eeb9507742a89764c29e\">\n.av-layout-tab.av-lu2iyyej-0139d4ab4f47eeb9507742a89764c29e{\nvertical-align:middle;\n}\n#top .av-tab-section-outer-container.av-38anjn-148775d55ea98db42e0380b579562037 .av-active-tab-title.av-section-tab-title.av-lu2iyyej-0139d4ab4f47eeb9507742a89764c29e{\ncolor:#000000;\n}\n<\/style>\n<div id='av-tab-section-1-3' class='av-layout-tab av-lu2iyyej-0139d4ab4f47eeb9507742a89764c29e av-animation-delay-container  avia-builder-el-8  el_after_av_tab_sub_section  el_before_av_tab_sub_section   '  data-av-tab-section-content=\"3\" data-tab-section-id='horario'><div class=\"av-layout-tab-inner\"><div class=\"container\"><section  class='av_textblock_section av-lu2j5wba-7c2bf7aa3f51d227f0c751d99c4cbc7e'  itemscope=\"itemscope\" itemtype=\"https:\/\/schema.org\/CreativeWork\" ><div class='avia_textblock'  itemprop=\"text\" ><p style=\"text-align: center;\">De 7:45 a 15:15. Asistencia obligatoria de 9:30 a 13:00<\/p>\n<\/div><\/section>\n<\/div><\/div><\/div>\n<style type=\"text\/css\" data-created_by=\"avia_inline_auto\" id=\"style-css-av-lu2izczn-7517d14b5f88026cf8a6ae7ba49181d3\">\n.av-layout-tab.av-lu2izczn-7517d14b5f88026cf8a6ae7ba49181d3{\nvertical-align:middle;\n}\n#top .av-tab-section-outer-container.av-38anjn-148775d55ea98db42e0380b579562037 .av-active-tab-title.av-section-tab-title.av-lu2izczn-7517d14b5f88026cf8a6ae7ba49181d3{\ncolor:#000000;\n}\n<\/style>\n<div id='av-tab-section-1-4' class='av-layout-tab av-lu2izczn-7517d14b5f88026cf8a6ae7ba49181d3 av-animation-delay-container  avia-builder-el-10  el_after_av_tab_sub_section  avia-builder-el-last   '  data-av-tab-section-content=\"4\" data-tab-section-id='cuotas'><div class=\"av-layout-tab-inner\"><div class=\"container\"><section  class='av_textblock_section av-lu2jaza4-172228bee622dd1641131420209f5dd3'  itemscope=\"itemscope\" itemtype=\"https:\/\/schema.org\/CreativeWork\" ><div class='avia_textblock'  itemprop=\"text\" ><p style=\"text-align: center;\"><strong>Turno 1<\/strong>: 8,10\u20ac por participante. 4,05\u20ac por cada participante de la misma unidad familiar.<\/p>\n<p style=\"text-align: center;\">\n<p style=\"text-align: center;\">\n<\/div><\/section>\n<\/div><\/div><\/div>\n<\/div><\/div><\/div><div id='after_tab_section_1'  class='main_color av_default_container_wrap container_wrap fullsize'  ><div class='container av-section-cont-open' ><div class='template-page content  av-content-full alpha units'><div class='post-entry post-entry-type-page post-entry-2605'><div class='entry-content-wrapper clearfix'>\n<div class='flex_column av-5q3gpv-945bfb07bc98e6787fcfa4887ff2eb96 av_one_half  avia-builder-el-12  el_after_av_tab_section  el_before_av_one_half  avia-builder-el-first  first flex_column_div '   ><div  class='avia-button-wrap avia-button-center  avia-builder-el-13  avia-builder-el-no-sibling ' ><a href='https:\/\/xn--ludotecaslogroo-crb.es\/el_desvan\/proceso-de-solicitud-e-inscripcion\/'  class='avia-button av-lu2i8bf3-6ff84b9c7abf773c7d1259192c2098bb avia-icon_select-yes-left-icon avia-size-x-large avia-position-center av-icon-on-hover avia-color-theme-color' ><span class='avia_button_icon avia_button_icon_left' aria-hidden='true' data-av_icon='\ue875' data-av_iconfont='entypo-fontello'><\/span><span class='avia_iconbox_title' >PROCESO DE SOLICITUD E INSCRIPCI\u00d3N<\/span><\/a><\/div><\/div>\n<div class='flex_column av-4vx02b-a5c0d6634dd0ba340809044554173767 av_one_half  avia-builder-el-14  el_after_av_one_half  el_before_av_one_full  flex_column_div '   ><div  class='avia-button-wrap avia-button-center  avia-builder-el-15  avia-builder-el-no-sibling ' ><a href='https:\/\/xn--ludotecaslogroo-crb.es\/el_desvan\/actividades-2\/'  class='avia-button av-lu2ia2kn-c6508c0a3b32b23e015cade4d0ed58a3 avia-icon_select-yes-left-icon avia-size-x-large avia-position-center av-icon-on-hover avia-color-theme-color' ><span class='avia_button_icon avia_button_icon_left' aria-hidden='true' data-av_icon='\ue875' data-av_iconfont='entypo-fontello'><\/span><span class='avia_iconbox_title' >ACTIVIDADES<\/span><\/a><\/div><\/div>\n<div class='flex_column av-2k7o4j-fbe3a6ec00c352324c28ff1e9393b74e av_one_full  avia-builder-el-16  el_after_av_one_half  avia-builder-el-last  first flex_column_div column-top-margin'   ><div  class='avia-button-wrap avia-button-center  avia-builder-el-17  avia-builder-el-no-sibling ' ><a href='https:\/\/xn--ludotecaslogroo-crb.es\/el_desvan\/wp-content\/uploads\/2026\/01\/Normativa-Semana-Santa-2026-Ludoteca-en-vacaciones.pdf'  class='avia-button av-lu2ijij3-35207ac9b6dd7f29ef343fb27d27b47c avia-icon_select-yes-left-icon avia-size-x-large avia-position-center av-icon-on-hover avia-color-theme-color'  target=\"_blank\"  rel=\"noopener noreferrer\"><span class='avia_button_icon avia_button_icon_left' aria-hidden='true' data-av_icon='\ue875' data-av_iconfont='entypo-fontello'><\/span><span class='avia_iconbox_title' >NORMATIVA<\/span><\/a><\/div><\/div>\n","protected":false},"excerpt":{"rendered":"","protected":false},"author":4,"featured_media":0,"parent":0,"menu_order":0,"comment_status":"closed","ping_status":"closed","template":"","meta":[],"_links":{"self":[{"href":"https:\/\/xn--ludotecaslogroo-crb.es\/el_desvan\/wp-json\/wp\/v2\/pages\/2605"}],"collection":[{"href":"https:\/\/xn--ludotecaslogroo-crb.es\/el_desvan\/wp-json\/wp\/v2\/pages"}],"about":[{"href":"https:\/\/xn--ludotecaslogroo-crb.es\/el_desvan\/wp-json\/wp\/v2\/types\/page"}],"author":[{"embeddable":true,"href":"https:\/\/xn--ludotecaslogroo-crb.es\/el_desvan\/wp-json\/wp\/v2\/users\/4"}],"replies":[{"embeddable":true,"href":"https:\/\/xn--ludotecaslogroo-crb.es\/el_desvan\/wp-json\/wp\/v2\/comments?post=2605"}],"version-history":[{"count":22,"href":"https:\/\/xn--ludotecaslogroo-crb.es\/el_desvan\/wp-json\/wp\/v2\/pages\/2605\/revisions"}],"predecessor-version":[{"id":3468,"href":"https:\/\/xn--ludotecaslogroo-crb.es\/el_desvan\/wp-json\/wp\/v2\/pages\/2605\/revisions\/3468"}],"wp:attachment":[{"href":"https:\/\/xn--ludotecaslogroo-crb.es\/el_desvan\/wp-json\/wp\/v2\/media?parent=2605"}],"curies":[{"name":"wp","href":"https:\/\/api.w.org\/{rel}","templated":true}]}}