{"id":2551,"date":"2024-03-27T12:40:44","date_gmt":"2024-03-27T11:40:44","guid":{"rendered":"https:\/\/xn--ludotecaslogroo-crb.es\/el_desvan\/?page_id=2551"},"modified":"2024-04-08T11:30:42","modified_gmt":"2024-04-08T09:30:42","slug":"ludoteca-el-desvan","status":"publish","type":"page","link":"https:\/\/xn--ludotecaslogroo-crb.es\/el_desvan\/","title":{"rendered":"Ludoteca el desv\u00e1n"},"content":{"rendered":"<div class='flex_column av-l4at6v-f4e797750b6fb2cea7e5c5c63644cd73 av_four_fifth  avia-builder-el-0  el_before_av_one_fifth  avia-builder-el-first  first flex_column_div '   ><section  class='av_textblock_section av-ltwr12it-8f6b60bada784e33286ab69472f73a7a'  itemscope=\"itemscope\" itemtype=\"https:\/\/schema.org\/CreativeWork\" ><div class='avia_textblock'  itemprop=\"text\" ><h1 style=\"text-align: center;\">LUDOTECA EL DESV\u00c1N<\/h1>\n<\/div><\/section><\/div>\n<div class='flex_column av-iu4ck7-941ce769aeac0b8a3dffc304e45edb64 av_one_fifth  avia-builder-el-2  el_after_av_four_fifth  el_before_av_hr  flex_column_div '   ><style type=\"text\/css\" data-created_by=\"avia_inline_auto\" id=\"style-css-av-ltwr71lp-761ff89024f778ea7c36057e213a9f7a\">\n.avia-image-container.av-ltwr71lp-761ff89024f778ea7c36057e213a9f7a .av-image-caption-overlay-center{\ncolor:#ffffff;\n}\n<\/style>\n<div  class='avia-image-container av-ltwr71lp-761ff89024f778ea7c36057e213a9f7a av-styling- avia-align-center  avia-builder-el-3  avia-builder-el-no-sibling '  itemprop=\"image\" itemscope=\"itemscope\" itemtype=\"https:\/\/schema.org\/ImageObject\" ><div class=\"avia-image-container-inner\"><div class=\"avia-image-overlay-wrap\"><img class='wp-image-2554 avia-img-lazy-loading-not-2554 avia_image' src=\"https:\/\/xn--ludotecaslogroo-crb.es\/el_desvan\/wp-content\/uploads\/2024\/03\/Marca_Logrono-color-300x96.png\" alt='' title='Marca_Logro\u00f1o-color'  height=\"96\" width=\"300\"  itemprop=\"thumbnailUrl\" srcset=\"https:\/\/xn--ludotecaslogroo-crb.es\/el_desvan\/wp-content\/uploads\/2024\/03\/Marca_Logrono-color-300x96.png 300w, https:\/\/xn--ludotecaslogroo-crb.es\/el_desvan\/wp-content\/uploads\/2024\/03\/Marca_Logrono-color.png 598w\" sizes=\"(max-width: 300px) 100vw, 300px\" \/><\/div><\/div><\/div><\/div>\n<div  class='hr av-hiwgkn-14a3f7d6f928cbe8cfc09ca0d598e5ae hr-default  avia-builder-el-4  el_after_av_one_fifth  el_before_av_one_full '><span class='hr-inner '><span class=\"hr-inner-style\"><\/span><\/span><\/div>\n\n<style type=\"text\/css\" data-created_by=\"avia_inline_auto\" id=\"style-css-av-ltwrbxsv-897425a727878ccba7cf5b4cd6e14c06\">\n.flex_column.av-ltwrbxsv-897425a727878ccba7cf5b4cd6e14c06{\npadding:3% 3% 3% 3%;\nbackground-color:rgba(139,168,95,0.49);\n}\n<\/style>\n<div class='flex_column av-ltwrbxsv-897425a727878ccba7cf5b4cd6e14c06 av_one_full  avia-builder-el-5  el_after_av_hr  el_before_av_one_full  first flex_column_div '   ><section  class='av_textblock_section av-ltwr8jmu-f6d44ce3ce9a2b6cb509a3f39a716025'  itemscope=\"itemscope\" itemtype=\"https:\/\/schema.org\/CreativeWork\" ><div class='avia_textblock'  itemprop=\"text\" ><h2 style=\"text-align: center;\">\u00bfQU\u00c9 ES UNA LUDOTECA?<\/h2>\n<p style=\"text-align: center;\">Es un espacio municipal dirigido a la poblaci\u00f3n infantil y sus familias, d\u00f3nde, a trav\u00e9s de un proyecto educativo, se plantean alternativas de ocio positivo utilizando como herramientas pedag\u00f3gicas: los recursos de tiempo libre, las instalaciones de las ludotecas, los juegos y juguetes, las TIC\u00b4s, as\u00ed como el resto de medios que apoyen el crecimiento integral de los ni\u00f1os y ni\u00f1as participantes, su socializaci\u00f3n y el desarrollo de sus capacidades.<\/p>\n<\/div><\/section><\/div>\n<div class='flex_column av-f4pblz-4893ccbd025d15d8bf35466f79c5e814 av_one_full  avia-builder-el-7  el_after_av_one_full  el_before_av_one_third  first flex_column_div column-top-margin'   ><section  class='av_textblock_section av-ltwrup83-e307109f145b819bcbb0c45eda41d912'  itemscope=\"itemscope\" itemtype=\"https:\/\/schema.org\/CreativeWork\" ><div class='avia_textblock'  itemprop=\"text\" ><h2 style=\"text-align: center;\">PROGRAMAS<\/h2>\n<\/div><\/section><\/div>\n<div class='flex_column av-dtxibr-57bdebc87438f0ff8a428dae6452a21d av_one_third  avia-builder-el-9  el_after_av_one_full  el_before_av_one_third  first flex_column_div column-top-margin'   ><div  class='avia-button-wrap avia-button-center  avia-builder-el-10  avia-builder-el-no-sibling ' >\n<style type=\"text\/css\" data-created_by=\"avia_inline_auto\" id=\"style-css-av-ltwrxge6-4dacc2aab12fc869f2edb41ca3f1c8f6\">\n#top #wrap_all .avia-button.av-ltwrxge6-4dacc2aab12fc869f2edb41ca3f1c8f6:hover{\ncolor:white;\ntransition:all 0.4s ease-in-out;\n-webkit-transition:all 0.4s ease-in-out;\n-moz-transition:all 0.4s ease-in-out;\n-ms-transition:all 0.4s ease-in-out;\n-o-transition:all 0.4s ease-in-out;\n}\n<\/style>\n<a href='https:\/\/xn--ludotecaslogroo-crb.es\/el_desvan\/ludoteca-curso\/' class='av-icon-on-hover avia-color-theme-color avia-font-color-theme-color avia-button avia-button-fullwidth av-ltwrxge6-4dacc2aab12fc869f2edb41ca3f1c8f6 avia-icon_select-yes-left-icon avia-color-theme-color' ><span class='avia_button_icon avia_button_icon_left' aria-hidden='true' data-av_icon='\ue875' data-av_iconfont='entypo-fontello'><\/span><span class='avia_iconbox_title' >Ludoteca curso<\/span><span class='avia_button_background avia-button avia-button-fullwidth avia-color-theme-color-highlight'><\/span><\/a><\/div><\/div>\n<div class='flex_column av-1au0ev-ed940ad75a93c83455eb221de67e760a av_one_third  avia-builder-el-11  el_after_av_one_third  el_before_av_one_third  flex_column_div column-top-margin'   ><div  class='avia-button-wrap avia-button-center  avia-builder-el-12  avia-builder-el-no-sibling ' >\n<style type=\"text\/css\" data-created_by=\"avia_inline_auto\" id=\"style-css-av-ltwrxwgu-d8fbbbe0f81ec262243b16f092bfbcec\">\n#top #wrap_all .avia-button.av-ltwrxwgu-d8fbbbe0f81ec262243b16f092bfbcec:hover{\ncolor:white;\ntransition:all 0.4s ease-in-out;\n-webkit-transition:all 0.4s ease-in-out;\n-moz-transition:all 0.4s ease-in-out;\n-ms-transition:all 0.4s ease-in-out;\n-o-transition:all 0.4s ease-in-out;\n}\n<\/style>\n<a href='https:\/\/xn--ludotecaslogroo-crb.es\/el_desvan\/ludoteca-abierta\/' class='av-icon-on-hover avia-color-theme-color avia-font-color-theme-color avia-button avia-button-fullwidth av-ltwrxwgu-d8fbbbe0f81ec262243b16f092bfbcec avia-icon_select-yes-left-icon avia-color-theme-color' ><span class='avia_button_icon avia_button_icon_left' aria-hidden='true' data-av_icon='\ue875' data-av_iconfont='entypo-fontello'><\/span><span class='avia_iconbox_title' >Ludoteca abierta<\/span><span class='avia_button_background avia-button avia-button-fullwidth avia-color-theme-color-highlight'><\/span><\/a><\/div><\/div>\n<div class='flex_column av-b6okyv-04c76054cffd08b31c3ede278dc3249f av_one_third  avia-builder-el-13  el_after_av_one_third  el_before_av_one_fifth  flex_column_div column-top-margin'   ><div  class='avia-button-wrap avia-button-center  avia-builder-el-14  avia-builder-el-no-sibling ' >\n<style type=\"text\/css\" data-created_by=\"avia_inline_auto\" id=\"style-css-av-ltwrydlr-7dd45d86ec59bd3310b6c040ed0f7751\">\n#top #wrap_all .avia-button.av-ltwrydlr-7dd45d86ec59bd3310b6c040ed0f7751:hover{\ncolor:white;\ntransition:all 0.4s ease-in-out;\n-webkit-transition:all 0.4s ease-in-out;\n-moz-transition:all 0.4s ease-in-out;\n-ms-transition:all 0.4s ease-in-out;\n-o-transition:all 0.4s ease-in-out;\n}\n<\/style>\n<a href='https:\/\/xn--ludotecaslogroo-crb.es\/el_desvan\/ludoteca-vacaciones\/' class='av-icon-on-hover avia-color-theme-color avia-font-color-theme-color avia-button avia-button-fullwidth av-ltwrydlr-7dd45d86ec59bd3310b6c040ed0f7751 avia-icon_select-yes-left-icon avia-color-theme-color' ><span class='avia_button_icon avia_button_icon_left' aria-hidden='true' data-av_icon='\ue875' data-av_iconfont='entypo-fontello'><\/span><span class='avia_iconbox_title' >Ludoteca vacaciones<\/span><span class='avia_button_background avia-button avia-button-fullwidth avia-color-theme-color-highlight'><\/span><\/a><\/div><\/div>\n<div class='flex_column av-zocjb-48270607416aa08f35f2875d9e413a41 av_one_fifth  avia-builder-el-15  el_after_av_one_third  el_before_av_three_fifth  first flex_column_div column-top-margin'   ><\/div>\n<div class='flex_column av-85lr87-925266edd50b09ab20c638e8735923d7 av_three_fifth  avia-builder-el-16  el_after_av_one_fifth  el_before_av_one_fifth  flex_column_div column-top-margin'   ><div  class='avia-slideshow av-61vmsn-55426143256cb37c92933db1fa661753 av-control-default avia-slideshow-gallery av_slideshow avia-slide-slider  avia-builder-el-17  avia-builder-el-no-sibling  av-default-height-applied avia-slideshow-1'  data-size='gallery'  data-lightbox_size='large'  data-animation='slide'  data-conditional_play=''  data-ids='2624,2623,2622,2621,2620,2625'  data-video_counter='0'  data-autoplay='true'  data-bg_slider='false'  data-slide_height=''  data-handle='av_slideshow'  data-interval='5'  data-class=' avia-builder-el-17  avia-builder-el-no-sibling '  data-extra_class=''  data-el_id=''  data-css_id=''  data-scroll_down=''  data-control_layout='av-control-default'  data-custom_markup=''  data-perma_caption=''  data-autoplay_stopper=''  data-image_attachment=''  data-min_height='0px'  data-lazy_loading='disabled'  data-default-height='80.94674556213'  data-img_scrset=''  data-av-desktop-hide=''  data-av-medium-hide=''  data-av-small-hide=''  data-av-mini-hide=''  data-alb_description=''  data-id=''  data-custom_class=''  data-template_class=''  data-av_uid='av-61vmsn'  data-sc_version='1.0'  data-heading_tag=''  data-heading_class=''   itemprop=\"image\" itemscope=\"itemscope\" itemtype=\"https:\/\/schema.org\/ImageObject\" ><ul class='avia-slideshow-inner ' style='padding-bottom: 80.94674556213%;'><li  class='avia-slideshow-slide av-61vmsn-55426143256cb37c92933db1fa661753__0  slide-1 ' ><div data-rel='slideshow-1' class='avia-slide-wrap '   ><img class=\"wp-image-2624 avia-img-lazy-loading-not-2624\"  src=\"https:\/\/xn--ludotecaslogroo-crb.es\/el_desvan\/wp-content\/uploads\/2024\/04\/Desvan-5-845x684.jpg\" width=\"845\" height=\"684\" title='Desv\u00e1n 5' alt=''  itemprop=\"thumbnailUrl\" srcset=\"https:\/\/xn--ludotecaslogroo-crb.es\/el_desvan\/wp-content\/uploads\/2024\/04\/Desvan-5-845x684.jpg 845w, https:\/\/xn--ludotecaslogroo-crb.es\/el_desvan\/wp-content\/uploads\/2024\/04\/Desvan-5-495x400.jpg 495w\" sizes=\"(max-width: 845px) 100vw, 845px\" \/><\/div><\/li><li  class='avia-slideshow-slide av-61vmsn-55426143256cb37c92933db1fa661753__1  slide-2 ' ><div data-rel='slideshow-1' class='avia-slide-wrap '   ><img class=\"wp-image-2623 avia-img-lazy-loading-not-2623\"  src=\"https:\/\/xn--ludotecaslogroo-crb.es\/el_desvan\/wp-content\/uploads\/2024\/04\/Desvan-4-845x684.jpg\" width=\"845\" height=\"684\" title='Desv\u00e1n 4' alt=''  itemprop=\"thumbnailUrl\" srcset=\"https:\/\/xn--ludotecaslogroo-crb.es\/el_desvan\/wp-content\/uploads\/2024\/04\/Desvan-4-845x684.jpg 845w, https:\/\/xn--ludotecaslogroo-crb.es\/el_desvan\/wp-content\/uploads\/2024\/04\/Desvan-4-495x400.jpg 495w\" sizes=\"(max-width: 845px) 100vw, 845px\" \/><\/div><\/li><li  class='avia-slideshow-slide av-61vmsn-55426143256cb37c92933db1fa661753__2  slide-3 ' ><div data-rel='slideshow-1' class='avia-slide-wrap '   ><img class=\"wp-image-2622 avia-img-lazy-loading-not-2622\"  src=\"https:\/\/xn--ludotecaslogroo-crb.es\/el_desvan\/wp-content\/uploads\/2024\/04\/Desvan-3-845x684.jpg\" width=\"845\" height=\"684\" title='Desv\u00e1n 3' alt=''  itemprop=\"thumbnailUrl\" srcset=\"https:\/\/xn--ludotecaslogroo-crb.es\/el_desvan\/wp-content\/uploads\/2024\/04\/Desvan-3-845x684.jpg 845w, https:\/\/xn--ludotecaslogroo-crb.es\/el_desvan\/wp-content\/uploads\/2024\/04\/Desvan-3-495x400.jpg 495w\" sizes=\"(max-width: 845px) 100vw, 845px\" \/><\/div><\/li><li  class='avia-slideshow-slide av-61vmsn-55426143256cb37c92933db1fa661753__3  slide-4 ' ><div data-rel='slideshow-1' class='avia-slide-wrap '   ><img class=\"wp-image-2621 avia-img-lazy-loading-not-2621\"  src=\"https:\/\/xn--ludotecaslogroo-crb.es\/el_desvan\/wp-content\/uploads\/2024\/04\/Desvan-2-845x684.jpg\" width=\"845\" height=\"684\" title='Desv\u00e1n 2' alt=''  itemprop=\"thumbnailUrl\" srcset=\"https:\/\/xn--ludotecaslogroo-crb.es\/el_desvan\/wp-content\/uploads\/2024\/04\/Desvan-2-845x684.jpg 845w, https:\/\/xn--ludotecaslogroo-crb.es\/el_desvan\/wp-content\/uploads\/2024\/04\/Desvan-2-495x400.jpg 495w\" sizes=\"(max-width: 845px) 100vw, 845px\" \/><\/div><\/li><li  class='avia-slideshow-slide av-61vmsn-55426143256cb37c92933db1fa661753__4  slide-5 ' ><div data-rel='slideshow-1' class='avia-slide-wrap '   ><img class=\"wp-image-2620 avia-img-lazy-loading-not-2620\"  src=\"https:\/\/xn--ludotecaslogroo-crb.es\/el_desvan\/wp-content\/uploads\/2024\/04\/Desvan-1-845x684.jpg\" width=\"845\" height=\"684\" title='Desv\u00e1n 1' alt=''  itemprop=\"thumbnailUrl\" srcset=\"https:\/\/xn--ludotecaslogroo-crb.es\/el_desvan\/wp-content\/uploads\/2024\/04\/Desvan-1-845x684.jpg 845w, https:\/\/xn--ludotecaslogroo-crb.es\/el_desvan\/wp-content\/uploads\/2024\/04\/Desvan-1-495x400.jpg 495w\" sizes=\"(max-width: 845px) 100vw, 845px\" \/><\/div><\/li><li  class='avia-slideshow-slide av-61vmsn-55426143256cb37c92933db1fa661753__5  slide-6 ' ><div data-rel='slideshow-1' class='avia-slide-wrap '   ><img class=\"wp-image-2625 avia-img-lazy-loading-not-2625\"  src=\"https:\/\/xn--ludotecaslogroo-crb.es\/el_desvan\/wp-content\/uploads\/2024\/04\/Desvan-6-845x684.jpg\" width=\"845\" height=\"684\" title='Desv\u00e1n 6' alt=''  itemprop=\"thumbnailUrl\" srcset=\"https:\/\/xn--ludotecaslogroo-crb.es\/el_desvan\/wp-content\/uploads\/2024\/04\/Desvan-6-845x684.jpg 845w, https:\/\/xn--ludotecaslogroo-crb.es\/el_desvan\/wp-content\/uploads\/2024\/04\/Desvan-6-495x400.jpg 495w\" sizes=\"(max-width: 845px) 100vw, 845px\" \/><\/div><\/li><\/ul><div class='avia-slideshow-arrows avia-slideshow-controls' ><a href='#prev' class='prev-slide ' aria-hidden='true' data-av_icon='\ue87c' data-av_iconfont='entypo-fontello'  tabindex='-1'>Anterior<\/a><a href='#next' class='next-slide ' aria-hidden='true' data-av_icon='\ue87d' data-av_iconfont='entypo-fontello'  tabindex='-1'>Posterior<\/a><\/div><div class='avia-slideshow-dots avia-slideshow-controls'><a href='#1' class='goto-slide active' >1<\/a><a href='#2' class='goto-slide ' >2<\/a><a href='#3' class='goto-slide ' >3<\/a><a href='#4' class='goto-slide ' >4<\/a><a href='#5' class='goto-slide ' >5<\/a><a href='#6' class='goto-slide ' >6<\/a><\/div><\/div><\/div><div class='flex_column av-3u9rhz-c7e157967a11622a0fbae43c4c79ffe7 av_one_fifth  avia-builder-el-18  el_after_av_three_fifth  el_before_av_two_third  flex_column_div column-top-margin'   ><\/div><\/p>\n<div class='flex_column av-2nrmmf-31dcf93dbc0a75cd9a11cc6c08073ff9 av_two_third  avia-builder-el-19  el_after_av_one_fifth  el_before_av_one_third  first flex_column_div column-top-margin'   ><section  class='av_textblock_section av-ltws236h-cff8ca21c21d9d795d8246630a09f424'  itemscope=\"itemscope\" itemtype=\"https:\/\/schema.org\/CreativeWork\" ><div class='avia_textblock'  itemprop=\"text\" ><h2 style=\"text-align: left;\">HORARIO <br class=\"avia-permanent-lb\" \/><br class=\"avia-permanent-lb\" \/><\/h2>\n<h3>MA\u00d1ANAS:<\/h3>\n<p>Lunes-mi\u00e9rcoles-viernes: 9:30-12:30<\/p>\n<h3>TARDES:<\/h3>\n<p>De lunes a viernes: 16:00-20:00<\/p>\n<h3>HORARIO PERIODOS VACACIONALES:<\/h3>\n<p>De lunes a viernes: 7:45 a 15:15<\/p>\n<\/div><\/section><\/div>\n<div class='flex_column av-33zwkn-7d9fc7d41c4af51cdabd11dd76329975 av_one_third  avia-builder-el-21  el_after_av_two_third  avia-builder-el-last  flex_column_div column-top-margin'   ><\/div>\n","protected":false},"excerpt":{"rendered":"","protected":false},"author":4,"featured_media":0,"parent":0,"menu_order":0,"comment_status":"closed","ping_status":"closed","template":"","meta":[],"_links":{"self":[{"href":"https:\/\/xn--ludotecaslogroo-crb.es\/el_desvan\/wp-json\/wp\/v2\/pages\/2551"}],"collection":[{"href":"https:\/\/xn--ludotecaslogroo-crb.es\/el_desvan\/wp-json\/wp\/v2\/pages"}],"about":[{"href":"https:\/\/xn--ludotecaslogroo-crb.es\/el_desvan\/wp-json\/wp\/v2\/types\/page"}],"author":[{"embeddable":true,"href":"https:\/\/xn--ludotecaslogroo-crb.es\/el_desvan\/wp-json\/wp\/v2\/users\/4"}],"replies":[{"embeddable":true,"href":"https:\/\/xn--ludotecaslogroo-crb.es\/el_desvan\/wp-json\/wp\/v2\/comments?post=2551"}],"version-history":[{"count":16,"href":"https:\/\/xn--ludotecaslogroo-crb.es\/el_desvan\/wp-json\/wp\/v2\/pages\/2551\/revisions"}],"predecessor-version":[{"id":2630,"href":"https:\/\/xn--ludotecaslogroo-crb.es\/el_desvan\/wp-json\/wp\/v2\/pages\/2551\/revisions\/2630"}],"wp:attachment":[{"href":"https:\/\/xn--ludotecaslogroo-crb.es\/el_desvan\/wp-json\/wp\/v2\/media?parent=2551"}],"curies":[{"name":"wp","href":"https:\/\/api.w.org\/{rel}","templated":true}]}}